{"id":354,"date":"2022-03-09T10:43:09","date_gmt":"2022-03-09T02:43:09","guid":{"rendered":"https:\/\/maxclean.com\/?page_id=354"},"modified":"2022-03-09T14:56:44","modified_gmt":"2022-03-09T06:56:44","slug":"wholesale-solution","status":"publish","type":"page","link":"https:\/\/maxclean.com\/fr\/wholesale-solution\/","title":{"rendered":"Vente en gros"},"content":{"rendered":"<div data-elementor-type=\"wp-page\" data-elementor-id=\"354\" class=\"elementor elementor-354\" data-elementor-post-type=\"page\">\n\t\t\t\t\t\t<section data-particle_enable=\"false\" data-particle-mobile-disabled=\"false\" class=\"elementor-section elementor-top-section elementor-element elementor-element-33f8390 ct-section-stretched elementor-section-height-min-height elementor-section-boxed elementor-section-height-default elementor-section-items-middle\" data-id=\"33f8390\" data-element_type=\"section\" data-e-type=\"section\" data-settings=\"{&quot;background_background&quot;:&quot;classic&quot;}\">\n\t\t\t\t\t\t\t<div class=\"elementor-background-overlay\"><\/div>\n\t\t\t\t\t\t\t<div class=\"elementor-container elementor-column-gap-default\">\n\t\t\t\t\t<div class=\"elementor-column elementor-col-100 elementor-top-column elementor-element elementor-element-4ea01d8\" data-id=\"4ea01d8\" data-element_type=\"column\" data-e-type=\"column\">\n\t\t\t<div class=\"elementor-widget-wrap elementor-element-populated\">\n\t\t\t\t\t\t<div class=\"elementor-element elementor-element-34832a9 elementor-widget elementor-widget-heading\" data-id=\"34832a9\" data-element_type=\"widget\" data-e-type=\"widget\" data-widget_type=\"heading.default\">\n\t\t\t\t<div class=\"elementor-widget-container\">\n\t\t\t\t\t<h1 class=\"elementor-heading-title elementor-size-default\">\nVente en gros<\/h1>\t\t\t\t<\/div>\n\t\t\t\t<\/div>\n\t\t\t\t\t<\/div>\n\t\t<\/div>\n\t\t\t\t\t<\/div>\n\t\t<\/section>\n\t\t\t\t<section data-particle_enable=\"false\" data-particle-mobile-disabled=\"false\" class=\"elementor-section elementor-top-section elementor-element elementor-element-489a6671 elementor-section-boxed elementor-section-height-default elementor-section-height-default\" data-id=\"489a6671\" data-element_type=\"section\" data-e-type=\"section\">\n\t\t\t\t\t\t<div class=\"elementor-container elementor-column-gap-custom\">\n\t\t\t\t\t<div class=\"elementor-column elementor-col-50 elementor-top-column elementor-element elementor-element-194b8e34\" data-id=\"194b8e34\" data-element_type=\"column\" data-e-type=\"column\">\n\t\t\t<div class=\"elementor-widget-wrap elementor-element-populated\">\n\t\t\t\t\t\t<div class=\"elementor-element elementor-element-64988d3d elementor-widget elementor-widget-heading\" data-id=\"64988d3d\" data-element_type=\"widget\" data-e-type=\"widget\" data-widget_type=\"heading.default\">\n\t\t\t\t<div class=\"elementor-widget-container\">\n\t\t\t\t\t<h2 class=\"elementor-heading-title elementor-size-default\">Efficace et productif<\/h2>\t\t\t\t<\/div>\n\t\t\t\t<\/div>\n\t\t\t\t<div class=\"elementor-element elementor-element-63f5581b elementor-widget elementor-widget-text-editor\" data-id=\"63f5581b\" data-element_type=\"widget\" data-e-type=\"widget\" data-widget_type=\"text-editor.default\">\n\t\t\t\t<div class=\"elementor-widget-container\">\n\t\t\t\t\t\t\t\t\t<p>Maxclean comprend les principes fondamentaux du commerce de gros, la continuit\u00e9 du succ\u00e8s et l&#039;abordabilit\u00e9 qui y sont associ\u00e9s. Nous offrons plusieurs remises sur les commandes en vrac de consommables pour salle blanche chez Maxclean. Nos produits sont de qualit\u00e9 tout \u00e0 fait correcte et nous garantissons une livraison rapide de nos produits. De plus, le devis est adapt\u00e9 \u00e0 votre entreprise.<\/p><p>Nous pensons que le produit lui-m\u00eame parle plus que des mots, c&#039;est pourquoi Maxclean fournit des fournitures de salle blanche gratuites pour vous aider \u00e0 d\u00e9couvrir la qualit\u00e9 du produit Maxclean. Contactez-nous d\u00e8s aujourd&#039;hui pour obtenir un pack d&#039;\u00e9chantillons de consommables premium pour salle blanche.<\/p>\t\t\t\t\t\t\t\t<\/div>\n\t\t\t\t<\/div>\n\t\t\t\t\t<\/div>\n\t\t<\/div>\n\t\t\t\t<div class=\"elementor-column elementor-col-50 elementor-top-column elementor-element elementor-element-18172efb\" data-id=\"18172efb\" data-element_type=\"column\" data-e-type=\"column\" data-settings=\"{&quot;background_background&quot;:&quot;gradient&quot;}\">\n\t\t\t<div class=\"elementor-widget-wrap elementor-element-populated\">\n\t\t\t\t\t\t<div class=\"elementor-element elementor-element-57ac7902 elementor-widget elementor-widget-image\" data-id=\"57ac7902\" data-element_type=\"widget\" data-e-type=\"widget\" data-widget_type=\"image.default\">\n\t\t\t\t<div class=\"elementor-widget-container\">\n\t\t\t\t\t\t\t\t\t\t\t\t\t\t\t<img fetchpriority=\"high\" decoding=\"async\" width=\"750\" height=\"500\" src=\"https:\/\/maxclean.com\/wp-content\/uploads\/2022\/03\/7e16b631-380c-4446-b50e-9f839724ffb6.jpg\" class=\"attachment-medium_large size-medium_large wp-image-407\" alt=\"\" srcset=\"https:\/\/maxclean.com\/wp-content\/uploads\/2022\/03\/7e16b631-380c-4446-b50e-9f839724ffb6.jpg 750w, https:\/\/maxclean.com\/wp-content\/uploads\/2022\/03\/7e16b631-380c-4446-b50e-9f839724ffb6-300x200.jpg 300w\" sizes=\"(max-width: 750px) 100vw, 750px\" \/>\t\t\t\t\t\t\t\t\t\t\t\t\t\t\t<\/div>\n\t\t\t\t<\/div>\n\t\t\t\t\t<\/div>\n\t\t<\/div>\n\t\t\t\t\t<\/div>\n\t\t<\/section>\n\t\t\t\t<section data-particle_enable=\"false\" data-particle-mobile-disabled=\"false\" class=\"elementor-section elementor-top-section elementor-element elementor-element-39cf6792 elementor-reverse-mobile elementor-section-boxed elementor-section-height-default elementor-section-height-default\" data-id=\"39cf6792\" data-element_type=\"section\" data-e-type=\"section\">\n\t\t\t\t\t\t<div class=\"elementor-container elementor-column-gap-custom\">\n\t\t\t\t\t<div class=\"elementor-column elementor-col-50 elementor-top-column elementor-element elementor-element-458b7c50\" data-id=\"458b7c50\" data-element_type=\"column\" data-e-type=\"column\" data-settings=\"{&quot;background_background&quot;:&quot;gradient&quot;}\">\n\t\t\t<div class=\"elementor-widget-wrap elementor-element-populated\">\n\t\t\t\t\t\t<div class=\"elementor-element elementor-element-4b157d1 elementor-widget elementor-widget-image\" data-id=\"4b157d1\" data-element_type=\"widget\" data-e-type=\"widget\" data-widget_type=\"image.default\">\n\t\t\t\t<div class=\"elementor-widget-container\">\n\t\t\t\t\t\t\t\t\t\t\t\t\t\t\t<img decoding=\"async\" width=\"750\" height=\"499\" src=\"https:\/\/maxclean.com\/wp-content\/uploads\/2022\/03\/b676dea02ae1517ad04ef9ad5fb629d.png\" class=\"attachment-medium_large size-medium_large wp-image-409\" alt=\"\" srcset=\"https:\/\/maxclean.com\/wp-content\/uploads\/2022\/03\/b676dea02ae1517ad04ef9ad5fb629d.png 750w, https:\/\/maxclean.com\/wp-content\/uploads\/2022\/03\/b676dea02ae1517ad04ef9ad5fb629d-300x200.png 300w\" sizes=\"(max-width: 750px) 100vw, 750px\" \/>\t\t\t\t\t\t\t\t\t\t\t\t\t\t\t<\/div>\n\t\t\t\t<\/div>\n\t\t\t\t\t<\/div>\n\t\t<\/div>\n\t\t\t\t<div class=\"elementor-column elementor-col-50 elementor-top-column elementor-element elementor-element-577f0ca8\" data-id=\"577f0ca8\" data-element_type=\"column\" data-e-type=\"column\">\n\t\t\t<div class=\"elementor-widget-wrap elementor-element-populated\">\n\t\t\t\t\t\t<div class=\"elementor-element elementor-element-28921d17 elementor-widget elementor-widget-heading\" data-id=\"28921d17\" data-element_type=\"widget\" data-e-type=\"widget\" data-widget_type=\"heading.default\">\n\t\t\t\t<div class=\"elementor-widget-container\">\n\t\t\t\t\t<h2 class=\"elementor-heading-title elementor-size-default\">Des prix plus bas, un meilleur produit\n<\/h2>\t\t\t\t<\/div>\n\t\t\t\t<\/div>\n\t\t\t\t<div class=\"elementor-element elementor-element-56b411bd elementor-widget elementor-widget-text-editor\" data-id=\"56b411bd\" data-element_type=\"widget\" data-e-type=\"widget\" data-widget_type=\"text-editor.default\">\n\t\t\t\t<div class=\"elementor-widget-container\">\n\t\t\t\t\t\t\t\t\t<p>Maxclean propose non seulement des produits consommables pour salle blanche \u00e0 un prix abordable, mais s&#039;efforce \u00e9galement d&#039;\u00eatre votre solution de cha\u00eene d&#039;approvisionnement. Nous fournissons une solution de salle blanche \u00e0 port\u00e9e de main. Le prix de gros est exclusivement bas avec une bonne qualit\u00e9. Parce que nous sommes un grand et solide fournisseur de fournitures pour salles blanches, Maxclean a la capacit\u00e9 de vous offrir les prix les plus bas de l&#039;industrie. Cela semble trop beau pour \u00eatre vrai\u00a0? Travaillez avec nous et profitez d&#039;\u00e9chantillons gratuits pour le d\u00e9couvrir par vous-m\u00eame.<\/p><p>Maxclean contr\u00f4le \u00e9galement les frais d&#039;exp\u00e9dition pour r\u00e9pondre \u00e0 tous vos besoins financiers. Maxclen peut fournir tout ce dont vous avez besoin dans les affaires, car notre sp\u00e9cialit\u00e9 ne se concentre pas uniquement sur la fabrication et le d\u00e9veloppement de fournitures pour salles blanches\u00a0; au lieu de cela, nous nous effor\u00e7ons de fournir une solution unique de gestion de la cha\u00eene d&#039;approvisionnement des consommables pour salle blanche.<\/p>\t\t\t\t\t\t\t\t<\/div>\n\t\t\t\t<\/div>\n\t\t\t\t\t<\/div>\n\t\t<\/div>\n\t\t\t\t\t<\/div>\n\t\t<\/section>\n\t\t\t\t<section data-particle_enable=\"false\" data-particle-mobile-disabled=\"false\" class=\"elementor-section elementor-top-section elementor-element elementor-element-7339ef6a elementor-section-boxed elementor-section-height-default elementor-section-height-default\" data-id=\"7339ef6a\" data-element_type=\"section\" data-e-type=\"section\">\n\t\t\t\t\t\t<div class=\"elementor-container elementor-column-gap-custom\">\n\t\t\t\t\t<div class=\"elementor-column elementor-col-50 elementor-top-column elementor-element elementor-element-72be57d2\" data-id=\"72be57d2\" data-element_type=\"column\" data-e-type=\"column\">\n\t\t\t<div class=\"elementor-widget-wrap elementor-element-populated\">\n\t\t\t\t\t\t<div class=\"elementor-element elementor-element-73a7c162 elementor-widget elementor-widget-heading\" data-id=\"73a7c162\" data-element_type=\"widget\" data-e-type=\"widget\" data-widget_type=\"heading.default\">\n\t\t\t\t<div class=\"elementor-widget-container\">\n\t\t\t\t\t<h2 class=\"elementor-heading-title elementor-size-default\">Ruban en vrac, prix de gros<\/h2>\t\t\t\t<\/div>\n\t\t\t\t<\/div>\n\t\t\t\t<div class=\"elementor-element elementor-element-270549ad elementor-widget elementor-widget-text-editor\" data-id=\"270549ad\" data-element_type=\"widget\" data-e-type=\"widget\" data-widget_type=\"text-editor.default\">\n\t\t\t\t<div class=\"elementor-widget-container\">\n\t\t\t\t\t\t\t\t\t<p>Maxclean comprend que la commande de produits en gros avec un prix d&#039;exp\u00e9dition \u00e9lev\u00e9 peut \u00eatre un peu trop mouvement\u00e9e pour commander. Pour fournir \u00e0 nos clients le service amical dont nous nous effor\u00e7ons de faire partie, Maxclean offre le meilleur rapport prix\/performance dans le produit de salle blanche en vrac en gros, ce qui est un \u00e9norme coffre-fort sur les co\u00fbts et le budget sur le march\u00e9 et l&#039;\u00e8re d&#039;aujourd&#039;hui.<\/p><p>Maxclean vous livre toujours les meilleurs produits de qualit\u00e9, nous offrons des prix d&#039;exp\u00e9dition bon march\u00e9, une cha\u00eene d&#039;approvisionnement de produits de gros de bonne qualit\u00e9 et un service OEM, afin que vous puissiez vous concentrer sur l&#039;extension de votre entreprise.<\/p>\t\t\t\t\t\t\t\t<\/div>\n\t\t\t\t<\/div>\n\t\t\t\t\t<\/div>\n\t\t<\/div>\n\t\t\t\t<div class=\"elementor-column elementor-col-50 elementor-top-column elementor-element elementor-element-13c291d9\" data-id=\"13c291d9\" data-element_type=\"column\" data-e-type=\"column\" data-settings=\"{&quot;background_background&quot;:&quot;gradient&quot;}\">\n\t\t\t<div class=\"elementor-widget-wrap elementor-element-populated\">\n\t\t\t\t\t\t<div class=\"elementor-element elementor-element-84da61f elementor-widget elementor-widget-image\" data-id=\"84da61f\" data-element_type=\"widget\" data-e-type=\"widget\" data-widget_type=\"image.default\">\n\t\t\t\t<div class=\"elementor-widget-container\">\n\t\t\t\t\t\t\t\t\t\t\t\t\t\t\t<img decoding=\"async\" width=\"750\" height=\"500\" src=\"https:\/\/maxclean.com\/wp-content\/uploads\/2022\/03\/8180de52-2e54-4682-9115-29f357213317.jpg\" class=\"attachment-medium_large size-medium_large wp-image-408\" alt=\"\" srcset=\"https:\/\/maxclean.com\/wp-content\/uploads\/2022\/03\/8180de52-2e54-4682-9115-29f357213317.jpg 750w, https:\/\/maxclean.com\/wp-content\/uploads\/2022\/03\/8180de52-2e54-4682-9115-29f357213317-300x200.jpg 300w\" sizes=\"(max-width: 750px) 100vw, 750px\" \/>\t\t\t\t\t\t\t\t\t\t\t\t\t\t\t<\/div>\n\t\t\t\t<\/div>\n\t\t\t\t\t<\/div>\n\t\t<\/div>\n\t\t\t\t\t<\/div>\n\t\t<\/section>\n\t\t\t\t<section data-particle_enable=\"false\" data-particle-mobile-disabled=\"false\" class=\"elementor-section elementor-top-section elementor-element elementor-element-2dcbf52d elementor-reverse-mobile elementor-section-boxed elementor-section-height-default elementor-section-height-default\" data-id=\"2dcbf52d\" data-element_type=\"section\" data-e-type=\"section\">\n\t\t\t\t\t\t<div class=\"elementor-container elementor-column-gap-custom\">\n\t\t\t\t\t<div class=\"elementor-column elementor-col-50 elementor-top-column elementor-element elementor-element-2322ce38\" data-id=\"2322ce38\" data-element_type=\"column\" data-e-type=\"column\" data-settings=\"{&quot;background_background&quot;:&quot;gradient&quot;}\">\n\t\t\t<div class=\"elementor-widget-wrap elementor-element-populated\">\n\t\t\t\t\t\t<div class=\"elementor-element elementor-element-55b6ca6f elementor-widget elementor-widget-image\" data-id=\"55b6ca6f\" data-element_type=\"widget\" data-e-type=\"widget\" data-widget_type=\"image.default\">\n\t\t\t\t<div class=\"elementor-widget-container\">\n\t\t\t\t\t\t\t\t\t\t\t\t\t\t\t<img loading=\"lazy\" decoding=\"async\" width=\"750\" height=\"499\" src=\"https:\/\/maxclean.com\/wp-content\/uploads\/2022\/03\/female-research-scientist-putting-test.jpg\" class=\"attachment-medium_large size-medium_large wp-image-406\" alt=\"\" srcset=\"https:\/\/maxclean.com\/wp-content\/uploads\/2022\/03\/female-research-scientist-putting-test.jpg 750w, https:\/\/maxclean.com\/wp-content\/uploads\/2022\/03\/female-research-scientist-putting-test-300x200.jpg 300w\" sizes=\"(max-width: 750px) 100vw, 750px\" \/>\t\t\t\t\t\t\t\t\t\t\t\t\t\t\t<\/div>\n\t\t\t\t<\/div>\n\t\t\t\t\t<\/div>\n\t\t<\/div>\n\t\t\t\t<div class=\"elementor-column elementor-col-50 elementor-top-column elementor-element elementor-element-b926c61\" data-id=\"b926c61\" data-element_type=\"column\" data-e-type=\"column\">\n\t\t\t<div class=\"elementor-widget-wrap elementor-element-populated\">\n\t\t\t\t\t\t<div class=\"elementor-element elementor-element-62f77055 elementor-widget elementor-widget-heading\" data-id=\"62f77055\" data-element_type=\"widget\" data-e-type=\"widget\" data-widget_type=\"heading.default\">\n\t\t\t\t<div class=\"elementor-widget-container\">\n\t\t\t\t\t<h2 class=\"elementor-heading-title elementor-size-default\">\u00c9chantillon gratuit<\/h2>\t\t\t\t<\/div>\n\t\t\t\t<\/div>\n\t\t\t\t<div class=\"elementor-element elementor-element-61cbb38b elementor-widget elementor-widget-text-editor\" data-id=\"61cbb38b\" data-element_type=\"widget\" data-e-type=\"widget\" data-widget_type=\"text-editor.default\">\n\t\t\t\t<div class=\"elementor-widget-container\">\n\t\t\t\t\t\t\t\t\t<p>Maxclean pense que le produit lui-m\u00eame en dit long sur lui-m\u00eame et qu&#039;il n&#039;est pas juste de se fier uniquement aux mots. Maxclean n&#039;oblige aucun client \u00e0 acheter un produit sans b\u00e9n\u00e9ficier d&#039;un \u00e9chantillonnage gratuit\u00a0! Les \u00e9chantillons portent la m\u00eame qualit\u00e9 que le produit original.<\/p><p>Vous pouvez essayer ces \u00e9chantillons avant de d\u00e9penser le moindre co\u00fbt pour notre produit. Que vous soyez un ancien ou un nouveau client, Maxclean peut proposer des \u00e9chantillons pour chaque produit que vous achetez. Les \u00e9chantillons ne sont qu&#039;un geste exemplaire de notre service convivial. Nous voulons convaincre nos clients avec des produits plut\u00f4t qu&#039;avec des mots.<\/p>\t\t\t\t\t\t\t\t<\/div>\n\t\t\t\t<\/div>\n\t\t\t\t<div class=\"elementor-element elementor-element-6a65dea2 elementor-align-left elementor-tablet-align-right elementor-mobile-align-left elementor-widget elementor-widget-button\" data-id=\"6a65dea2\" data-element_type=\"widget\" data-e-type=\"widget\" data-widget_type=\"button.default\">\n\t\t\t\t<div class=\"elementor-widget-container\">\n\t\t\t\t\t\t\t\t\t<div class=\"elementor-button-wrapper\">\n\t\t\t\t\t<a class=\"elementor-button elementor-button-link elementor-size-md\" href=\"#elementor-action%3Aaction%3Dpopup%3Aopen%26settings%3DeyJpZCI6IjI4NCIsInRvZ2dsZSI6ZmFsc2V9\">\n\t\t\t\t\t\t<span class=\"elementor-button-content-wrapper\">\n\t\t\t\t\t\t\t\t\t<span class=\"elementor-button-text\">Obtenez un \u00e9chantillon gratuit<\/span>\n\t\t\t\t\t<\/span>\n\t\t\t\t\t<\/a>\n\t\t\t\t<\/div>\n\t\t\t\t\t\t\t\t<\/div>\n\t\t\t\t<\/div>\n\t\t\t\t\t<\/div>\n\t\t<\/div>\n\t\t\t\t\t<\/div>\n\t\t<\/section>\n\t\t\t\t<\/div>","protected":false},"excerpt":{"rendered":"<p>Wholesale Solution Effective And Productive Maxclean understands the fundamentals of wholesale, the continuity of success and affordability associated with it. We offer several discounts on bulk cleanroom consumables orders at Maxclean. Our products are completely correct in quality, and we guarantee timely delivery of our products. What&#8217;s more, the quote is made suitable per your [&hellip;]<\/p>\n","protected":false},"author":1,"featured_media":0,"parent":0,"menu_order":0,"comment_status":"closed","ping_status":"closed","template":"","meta":{"footnotes":""},"class_list":["post-354","page","type-page","status-publish","hentry"],"blocksy_meta":{"styles_descriptor":{"styles":{"desktop":"","tablet":"","mobile":""},"google_fonts":[],"version":6}},"_links":{"self":[{"href":"https:\/\/maxclean.com\/fr\/wp-json\/wp\/v2\/pages\/354","targetHints":{"allow":["GET"]}}],"collection":[{"href":"https:\/\/maxclean.com\/fr\/wp-json\/wp\/v2\/pages"}],"about":[{"href":"https:\/\/maxclean.com\/fr\/wp-json\/wp\/v2\/types\/page"}],"author":[{"embeddable":true,"href":"https:\/\/maxclean.com\/fr\/wp-json\/wp\/v2\/users\/1"}],"replies":[{"embeddable":true,"href":"https:\/\/maxclean.com\/fr\/wp-json\/wp\/v2\/comments?post=354"}],"version-history":[{"count":6,"href":"https:\/\/maxclean.com\/fr\/wp-json\/wp\/v2\/pages\/354\/revisions"}],"predecessor-version":[{"id":412,"href":"https:\/\/maxclean.com\/fr\/wp-json\/wp\/v2\/pages\/354\/revisions\/412"}],"wp:attachment":[{"href":"https:\/\/maxclean.com\/fr\/wp-json\/wp\/v2\/media?parent=354"}],"curies":[{"name":"wp","href":"https:\/\/api.w.org\/{rel}","templated":true}]}}