{"id":311,"date":"2022-03-08T14:41:33","date_gmt":"2022-03-08T06:41:33","guid":{"rendered":"https:\/\/maxclean.com\/?page_id=311"},"modified":"2022-03-28T10:50:24","modified_gmt":"2022-03-28T02:50:24","slug":"our-factory","status":"publish","type":"page","link":"https:\/\/maxclean.com\/fr\/our-factory\/","title":{"rendered":"Notre usine"},"content":{"rendered":"<div data-elementor-type=\"wp-page\" data-elementor-id=\"311\" class=\"elementor elementor-311\" data-elementor-post-type=\"page\">\n\t\t\t\t\t\t<section data-particle_enable=\"false\" data-particle-mobile-disabled=\"false\" class=\"elementor-section elementor-top-section elementor-element elementor-element-752f120 ct-section-stretched elementor-section-height-min-height elementor-section-boxed elementor-section-height-default elementor-section-items-middle\" data-id=\"752f120\" data-element_type=\"section\" data-e-type=\"section\" data-settings=\"{&quot;background_background&quot;:&quot;classic&quot;}\">\n\t\t\t\t\t\t\t<div class=\"elementor-background-overlay\"><\/div>\n\t\t\t\t\t\t\t<div class=\"elementor-container elementor-column-gap-default\">\n\t\t\t\t\t<div class=\"elementor-column elementor-col-100 elementor-top-column elementor-element elementor-element-a1873e7\" data-id=\"a1873e7\" data-element_type=\"column\" data-e-type=\"column\">\n\t\t\t<div class=\"elementor-widget-wrap elementor-element-populated\">\n\t\t\t\t\t\t<div class=\"elementor-element elementor-element-e4906a6 elementor-widget elementor-widget-heading\" data-id=\"e4906a6\" data-element_type=\"widget\" data-e-type=\"widget\" data-widget_type=\"heading.default\">\n\t\t\t\t<div class=\"elementor-widget-container\">\n\t\t\t\t\t<h1 class=\"elementor-heading-title elementor-size-default\">Notre usine<\/h1>\t\t\t\t<\/div>\n\t\t\t\t<\/div>\n\t\t\t\t\t<\/div>\n\t\t<\/div>\n\t\t\t\t\t<\/div>\n\t\t<\/section>\n\t\t\t\t<section data-particle_enable=\"false\" data-particle-mobile-disabled=\"false\" class=\"elementor-section elementor-top-section elementor-element elementor-element-24ccf8ec elementor-section-boxed elementor-section-height-default elementor-section-height-default\" data-id=\"24ccf8ec\" data-element_type=\"section\" data-e-type=\"section\">\n\t\t\t\t\t\t<div class=\"elementor-container elementor-column-gap-default\">\n\t\t\t\t\t<div class=\"elementor-column elementor-col-50 elementor-top-column elementor-element elementor-element-4a3148af\" data-id=\"4a3148af\" data-element_type=\"column\" data-e-type=\"column\" data-settings=\"{&quot;background_background&quot;:&quot;gradient&quot;}\">\n\t\t\t<div class=\"elementor-widget-wrap elementor-element-populated\">\n\t\t\t\t\t\t<div class=\"elementor-element elementor-element-5d91dc76 elementor-widget elementor-widget-image\" data-id=\"5d91dc76\" data-element_type=\"widget\" data-e-type=\"widget\" data-widget_type=\"image.default\">\n\t\t\t\t<div class=\"elementor-widget-container\">\n\t\t\t\t\t\t\t\t\t\t\t\t\t\t\t<img fetchpriority=\"high\" decoding=\"async\" width=\"700\" height=\"466\" src=\"https:\/\/maxclean.com\/wp-content\/uploads\/2022\/03\/Maxclean101.jpg\" class=\"attachment-medium_large size-medium_large wp-image-611\" alt=\"\" srcset=\"https:\/\/maxclean.com\/wp-content\/uploads\/2022\/03\/Maxclean101.jpg 700w, https:\/\/maxclean.com\/wp-content\/uploads\/2022\/03\/Maxclean101-300x200.jpg 300w\" sizes=\"(max-width: 700px) 100vw, 700px\" \/>\t\t\t\t\t\t\t\t\t\t\t\t\t\t\t<\/div>\n\t\t\t\t<\/div>\n\t\t\t\t\t<\/div>\n\t\t<\/div>\n\t\t\t\t<div class=\"elementor-column elementor-col-50 elementor-top-column elementor-element elementor-element-5e98a847\" data-id=\"5e98a847\" data-element_type=\"column\" data-e-type=\"column\">\n\t\t\t<div class=\"elementor-widget-wrap elementor-element-populated\">\n\t\t\t\t\t\t<div class=\"elementor-element elementor-element-265aea08 elementor-widget elementor-widget-heading\" data-id=\"265aea08\" data-element_type=\"widget\" data-e-type=\"widget\" data-widget_type=\"heading.default\">\n\t\t\t\t<div class=\"elementor-widget-container\">\n\t\t\t\t\t<h2 class=\"elementor-heading-title elementor-size-default\">Principale usine de fournitures de salle blanche qualifi\u00e9e<\/h2>\t\t\t\t<\/div>\n\t\t\t\t<\/div>\n\t\t\t\t<div class=\"elementor-element elementor-element-50d6d01e elementor-widget elementor-widget-text-editor\" data-id=\"50d6d01e\" data-element_type=\"widget\" data-e-type=\"widget\" data-widget_type=\"text-editor.default\">\n\t\t\t\t<div class=\"elementor-widget-container\">\n\t\t\t\t\t\t\t\t\t<p>En tant que fabricant professionnel, notre usine de produits consommables pour salle blanche est \u00e9tablie depuis plus de 30 ans. Maxclean dispose d&#039;un syst\u00e8me de production complet de R&amp;D, d&#039;approvisionnement en mat\u00e9riaux, de production, d&#039;inspection, d&#039;emballage et d&#039;exportation.<br \/>Avec des travailleurs qualifi\u00e9s et exp\u00e9riment\u00e9s, un syst\u00e8me de contr\u00f4le de qualit\u00e9 strict, une excellente \u00e9quipe de direction et une \u00e9quipe de travail, et une attention particuli\u00e8re au march\u00e9 des produits consommables pour salles blanches, tout cela garantit que les produits Maxclean pourraient r\u00e9pondre aux normes internationales.<\/p>\t\t\t\t\t\t\t\t<\/div>\n\t\t\t\t<\/div>\n\t\t\t\t<div class=\"elementor-element elementor-element-3850ebd elementor-align-left elementor-tablet-align-right elementor-mobile-align-center elementor-widget__width-auto elementor-widget elementor-widget-button\" data-id=\"3850ebd\" data-element_type=\"widget\" data-e-type=\"widget\" data-widget_type=\"button.default\">\n\t\t\t\t<div class=\"elementor-widget-container\">\n\t\t\t\t\t\t\t\t\t<div class=\"elementor-button-wrapper\">\n\t\t\t\t\t<a class=\"elementor-button elementor-button-link elementor-size-md\" href=\"#elementor-action%3Aaction%3Dpopup%3Aopen%26settings%3DeyJpZCI6IjI4NCIsInRvZ2dsZSI6ZmFsc2V9\">\n\t\t\t\t\t\t<span class=\"elementor-button-content-wrapper\">\n\t\t\t\t\t\t\t\t\t<span class=\"elementor-button-text\">Nous contacter<\/span>\n\t\t\t\t\t<\/span>\n\t\t\t\t\t<\/a>\n\t\t\t\t<\/div>\n\t\t\t\t\t\t\t\t<\/div>\n\t\t\t\t<\/div>\n\t\t\t\t\t<\/div>\n\t\t<\/div>\n\t\t\t\t\t<\/div>\n\t\t<\/section>\n\t\t\t\t<section data-particle_enable=\"false\" data-particle-mobile-disabled=\"false\" class=\"elementor-section elementor-top-section elementor-element elementor-element-1c7e8546 ct-section-stretched elementor-section-full_width elementor-section-height-default elementor-section-height-default\" data-id=\"1c7e8546\" data-element_type=\"section\" data-e-type=\"section\">\n\t\t\t\t\t\t<div class=\"elementor-container elementor-column-gap-default\">\n\t\t\t\t\t<div class=\"elementor-column elementor-col-100 elementor-top-column elementor-element elementor-element-1f37d524\" data-id=\"1f37d524\" data-element_type=\"column\" data-e-type=\"column\">\n\t\t\t<div class=\"elementor-widget-wrap elementor-element-populated\">\n\t\t\t\t\t\t<div class=\"elementor-element elementor-element-2562e1ba elementor-widget elementor-widget-heading\" data-id=\"2562e1ba\" data-element_type=\"widget\" data-e-type=\"widget\" data-widget_type=\"heading.default\">\n\t\t\t\t<div class=\"elementor-widget-container\">\n\t\t\t\t\t<h2 class=\"elementor-heading-title elementor-size-default\">Notre compagnie<\/h2>\t\t\t\t<\/div>\n\t\t\t\t<\/div>\n\t\t\t\t<div class=\"elementor-element elementor-element-bd438c1 gallery-spacing-custom elementor-widget elementor-widget-image-gallery\" data-id=\"bd438c1\" data-element_type=\"widget\" data-e-type=\"widget\" data-widget_type=\"image-gallery.default\">\n\t\t\t\t<div class=\"elementor-widget-container\">\n\t\t\t\t\t\t\t<div class=\"elementor-image-gallery\">\n\t\t\t<div id='gallery-1' class='gallery galleryid-311 gallery-columns-4 gallery-size-medium_large'><figure class='gallery-item'>\n\t\t\t<div class='gallery-icon landscape'>\n\t\t\t\t<a data-elementor-open-lightbox=\"no\" href='https:\/\/maxclean.com\/wp-content\/uploads\/2022\/03\/factory-1.jpg'><img decoding=\"async\" width=\"600\" height=\"600\" src=\"https:\/\/maxclean.com\/wp-content\/uploads\/2022\/03\/factory-1.jpg\" class=\"attachment-medium_large size-medium_large\" alt=\"\" srcset=\"https:\/\/maxclean.com\/wp-content\/uploads\/2022\/03\/factory-1.jpg 600w, https:\/\/maxclean.com\/wp-content\/uploads\/2022\/03\/factory-1-300x300.jpg 300w, https:\/\/maxclean.com\/wp-content\/uploads\/2022\/03\/factory-1-150x150.jpg 150w\" sizes=\"(max-width: 600px) 100vw, 600px\" \/><\/a>\n\t\t\t<\/div><\/figure><figure class='gallery-item'>\n\t\t\t<div class='gallery-icon landscape'>\n\t\t\t\t<a data-elementor-open-lightbox=\"no\" href='https:\/\/maxclean.com\/wp-content\/uploads\/2022\/03\/factory-2.jpg'><img decoding=\"async\" width=\"600\" height=\"600\" src=\"https:\/\/maxclean.com\/wp-content\/uploads\/2022\/03\/factory-2.jpg\" class=\"attachment-medium_large size-medium_large\" alt=\"\" srcset=\"https:\/\/maxclean.com\/wp-content\/uploads\/2022\/03\/factory-2.jpg 600w, https:\/\/maxclean.com\/wp-content\/uploads\/2022\/03\/factory-2-300x300.jpg 300w, https:\/\/maxclean.com\/wp-content\/uploads\/2022\/03\/factory-2-150x150.jpg 150w\" sizes=\"(max-width: 600px) 100vw, 600px\" \/><\/a>\n\t\t\t<\/div><\/figure><figure class='gallery-item'>\n\t\t\t<div class='gallery-icon landscape'>\n\t\t\t\t<a data-elementor-open-lightbox=\"no\" href='https:\/\/maxclean.com\/wp-content\/uploads\/2022\/03\/factory-3.jpg'><img loading=\"lazy\" decoding=\"async\" width=\"600\" height=\"600\" src=\"https:\/\/maxclean.com\/wp-content\/uploads\/2022\/03\/factory-3.jpg\" class=\"attachment-medium_large size-medium_large\" alt=\"\" srcset=\"https:\/\/maxclean.com\/wp-content\/uploads\/2022\/03\/factory-3.jpg 600w, https:\/\/maxclean.com\/wp-content\/uploads\/2022\/03\/factory-3-300x300.jpg 300w, https:\/\/maxclean.com\/wp-content\/uploads\/2022\/03\/factory-3-150x150.jpg 150w\" sizes=\"(max-width: 600px) 100vw, 600px\" \/><\/a>\n\t\t\t<\/div><\/figure><figure class='gallery-item'>\n\t\t\t<div class='gallery-icon landscape'>\n\t\t\t\t<a data-elementor-open-lightbox=\"no\" href='https:\/\/maxclean.com\/wp-content\/uploads\/2022\/03\/factory-4.jpg'><img loading=\"lazy\" decoding=\"async\" width=\"600\" height=\"600\" src=\"https:\/\/maxclean.com\/wp-content\/uploads\/2022\/03\/factory-4.jpg\" class=\"attachment-medium_large size-medium_large\" alt=\"\" srcset=\"https:\/\/maxclean.com\/wp-content\/uploads\/2022\/03\/factory-4.jpg 600w, https:\/\/maxclean.com\/wp-content\/uploads\/2022\/03\/factory-4-300x300.jpg 300w, https:\/\/maxclean.com\/wp-content\/uploads\/2022\/03\/factory-4-150x150.jpg 150w\" sizes=\"(max-width: 600px) 100vw, 600px\" \/><\/a>\n\t\t\t<\/div><\/figure>\n\t\t<\/div>\n\t\t<\/div>\n\t\t\t\t\t\t<\/div>\n\t\t\t\t<\/div>\n\t\t\t\t\t<\/div>\n\t\t<\/div>\n\t\t\t\t\t<\/div>\n\t\t<\/section>\n\t\t\t\t<section data-particle_enable=\"false\" data-particle-mobile-disabled=\"false\" class=\"elementor-section elementor-top-section elementor-element elementor-element-49af30aa elementor-section-boxed elementor-section-height-default elementor-section-height-default\" data-id=\"49af30aa\" data-element_type=\"section\" data-e-type=\"section\">\n\t\t\t\t\t\t<div class=\"elementor-container elementor-column-gap-custom\">\n\t\t\t\t\t<div class=\"elementor-column elementor-col-50 elementor-top-column elementor-element elementor-element-5304f94e\" data-id=\"5304f94e\" data-element_type=\"column\" data-e-type=\"column\">\n\t\t\t<div class=\"elementor-widget-wrap elementor-element-populated\">\n\t\t\t\t\t\t<div class=\"elementor-element elementor-element-4e4611f3 elementor-widget elementor-widget-image\" data-id=\"4e4611f3\" data-element_type=\"widget\" data-e-type=\"widget\" data-widget_type=\"image.default\">\n\t\t\t\t<div class=\"elementor-widget-container\">\n\t\t\t\t\t\t\t\t\t\t\t\t\t\t\t<img loading=\"lazy\" decoding=\"async\" width=\"666\" height=\"500\" src=\"https:\/\/maxclean.com\/wp-content\/uploads\/2022\/03\/maxclean-1.jpg\" class=\"attachment-large size-large wp-image-1051\" alt=\"\" srcset=\"https:\/\/maxclean.com\/wp-content\/uploads\/2022\/03\/maxclean-1.jpg 666w, https:\/\/maxclean.com\/wp-content\/uploads\/2022\/03\/maxclean-1-300x225.jpg 300w\" sizes=\"(max-width: 666px) 100vw, 666px\" \/>\t\t\t\t\t\t\t\t\t\t\t\t\t\t\t<\/div>\n\t\t\t\t<\/div>\n\t\t\t\t\t<\/div>\n\t\t<\/div>\n\t\t\t\t<div class=\"elementor-column elementor-col-50 elementor-top-column elementor-element elementor-element-7dd4a9cd\" data-id=\"7dd4a9cd\" data-element_type=\"column\" data-e-type=\"column\">\n\t\t\t<div class=\"elementor-widget-wrap elementor-element-populated\">\n\t\t\t\t\t\t<div class=\"elementor-element elementor-element-52cd0ab elementor-widget elementor-widget-heading\" data-id=\"52cd0ab\" data-element_type=\"widget\" data-e-type=\"widget\" data-widget_type=\"heading.default\">\n\t\t\t\t<div class=\"elementor-widget-container\">\n\t\t\t\t\t<h6 class=\"elementor-heading-title elementor-size-default\">Orient\u00e9 qualit\u00e9<\/h6>\t\t\t\t<\/div>\n\t\t\t\t<\/div>\n\t\t\t\t<div class=\"elementor-element elementor-element-4bf3fd97 elementor-widget elementor-widget-heading\" data-id=\"4bf3fd97\" data-element_type=\"widget\" data-e-type=\"widget\" data-widget_type=\"heading.default\">\n\t\t\t\t<div class=\"elementor-widget-container\">\n\t\t\t\t\t<h2 class=\"elementor-heading-title elementor-size-default\">La qualit\u00e9 des produits est notre valeur fondamentale<\/h2>\t\t\t\t<\/div>\n\t\t\t\t<\/div>\n\t\t\t\t<div class=\"elementor-element elementor-element-7667c938 elementor-widget elementor-widget-text-editor\" data-id=\"7667c938\" data-element_type=\"widget\" data-e-type=\"widget\" data-widget_type=\"text-editor.default\">\n\t\t\t\t<div class=\"elementor-widget-container\">\n\t\t\t\t\t\t\t\t\t<p>Une fabrication de qualit\u00e9 ne signifie pas n\u00e9cessairement des co\u00fbts plus \u00e9lev\u00e9s. En fait, cela signifie souvent des co\u00fbts de rappel et de garantie inf\u00e9rieurs \u00e0 mesure qu&#039;une culture de la qualit\u00e9 s&#039;installe.<\/p><p>Chez Maxclean, nous prenons au s\u00e9rieux l&#039;assurance qualit\u00e9 et le contr\u00f4le qualit\u00e9. En tant que fournisseur de longue date de produits consommables pour salles blanches, Maxclean applique strictement les sp\u00e9cifications et les exigences du processus d&#039;AQ et de CQ. Nous avons fait nos preuves depuis des ann\u00e9es en aidant les marques \u00e0 concevoir, d\u00e9velopper, fabriquer et lancer leurs produits uniques sur les march\u00e9s nationaux et internationaux. Nous sommes l\u00e0 pour vous aider \u00e0 obtenir et \u00e0 maintenir une excellente fabrication et des produits de valeur.<\/p>\t\t\t\t\t\t\t\t<\/div>\n\t\t\t\t<\/div>\n\t\t\t\t\t<\/div>\n\t\t<\/div>\n\t\t\t\t\t<\/div>\n\t\t<\/section>\n\t\t\t\t<section data-particle_enable=\"false\" data-particle-mobile-disabled=\"false\" class=\"elementor-section elementor-top-section elementor-element elementor-element-15c1059 elementor-reverse-mobile elementor-section-boxed elementor-section-height-default elementor-section-height-default\" data-id=\"15c1059\" data-element_type=\"section\" data-e-type=\"section\">\n\t\t\t\t\t\t<div class=\"elementor-container elementor-column-gap-custom\">\n\t\t\t\t\t<div class=\"elementor-column elementor-col-50 elementor-top-column elementor-element elementor-element-22e6bf6b\" data-id=\"22e6bf6b\" data-element_type=\"column\" data-e-type=\"column\">\n\t\t\t<div class=\"elementor-widget-wrap elementor-element-populated\">\n\t\t\t\t\t\t<div class=\"elementor-element elementor-element-17c7866 elementor-widget elementor-widget-heading\" data-id=\"17c7866\" data-element_type=\"widget\" data-e-type=\"widget\" data-widget_type=\"heading.default\">\n\t\t\t\t<div class=\"elementor-widget-container\">\n\t\t\t\t\t<h6 class=\"elementor-heading-title elementor-size-default\">\u00c9quipement et gestion avanc\u00e9s<\/h6>\t\t\t\t<\/div>\n\t\t\t\t<\/div>\n\t\t\t\t<div class=\"elementor-element elementor-element-4f09464d elementor-widget elementor-widget-heading\" data-id=\"4f09464d\" data-element_type=\"widget\" data-e-type=\"widget\" data-widget_type=\"heading.default\">\n\t\t\t\t<div class=\"elementor-widget-container\">\n\t\t\t\t\t<h2 class=\"elementor-heading-title elementor-size-default\">Les lignes de production all\u00e9g\u00e9es sont essentielles pour une productivit\u00e9 \u00e9lev\u00e9e<\/h2>\t\t\t\t<\/div>\n\t\t\t\t<\/div>\n\t\t\t\t<div class=\"elementor-element elementor-element-11c0dbba elementor-widget elementor-widget-text-editor\" data-id=\"11c0dbba\" data-element_type=\"widget\" data-e-type=\"widget\" data-widget_type=\"text-editor.default\">\n\t\t\t\t<div class=\"elementor-widget-container\">\n\t\t\t\t\t\t\t\t\t<p>Nous sommes un grand fournisseur avec une ligne de production d&#039;int\u00e9grit\u00e9 d&#039;essuie-glace en polyester st\u00e9rile\/non st\u00e9rile, d&#039;essuie-glace en microfibre, d&#039;essuie-glace non tiss\u00e9, d&#039;essuie-glace en rouleau, de diff\u00e9rents types de masque facial, d&#039;essuie-glace en rouleau SMT, de tapis collant (rouleau), de sacs en PE, d&#039;\u00e9couvillon, mob casquette, v\u00eatements et services de blanchisserie.<\/p><p>La capacit\u00e9 annuelle de l&#039;usine Maxclean atteint les lingettes 400Mpcs, les masques faciaux 300Mpcs, les tapis 20M pcs (rouleau), les sacs de salle blanche 300M pcs et les \u00e9couvillons 500Mpcs. Une qualit\u00e9 et une productivit\u00e9 \u00e9lev\u00e9es ne sont pas possibles sans lignes de production all\u00e9g\u00e9es. Nos usines utilisent des \u00e9quipements de pointe et une gestion moderne pour garantir que l&#039;efficacit\u00e9 et la qualit\u00e9 de notre production r\u00e9pondent \u00e0 la demande. De plus, Maxclean recherche et d\u00e9veloppe activement des lignes de production plus efficaces.<\/p>\t\t\t\t\t\t\t\t<\/div>\n\t\t\t\t<\/div>\n\t\t\t\t\t<\/div>\n\t\t<\/div>\n\t\t\t\t<div class=\"elementor-column elementor-col-50 elementor-top-column elementor-element elementor-element-2865ba64\" data-id=\"2865ba64\" data-element_type=\"column\" data-e-type=\"column\">\n\t\t\t<div class=\"elementor-widget-wrap elementor-element-populated\">\n\t\t\t\t\t\t<div class=\"elementor-element elementor-element-66255d4a elementor-widget elementor-widget-image\" data-id=\"66255d4a\" data-element_type=\"widget\" data-e-type=\"widget\" data-widget_type=\"image.default\">\n\t\t\t\t<div class=\"elementor-widget-container\">\n\t\t\t\t\t\t\t\t\t\t\t\t\t\t\t<img loading=\"lazy\" decoding=\"async\" width=\"666\" height=\"500\" src=\"https:\/\/maxclean.com\/wp-content\/uploads\/2022\/03\/maxclean-3.jpg\" class=\"attachment-large size-large wp-image-1049\" alt=\"\" srcset=\"https:\/\/maxclean.com\/wp-content\/uploads\/2022\/03\/maxclean-3.jpg 666w, https:\/\/maxclean.com\/wp-content\/uploads\/2022\/03\/maxclean-3-300x225.jpg 300w\" sizes=\"(max-width: 666px) 100vw, 666px\" \/>\t\t\t\t\t\t\t\t\t\t\t\t\t\t\t<\/div>\n\t\t\t\t<\/div>\n\t\t\t\t\t<\/div>\n\t\t<\/div>\n\t\t\t\t\t<\/div>\n\t\t<\/section>\n\t\t\t\t<section data-particle_enable=\"false\" data-particle-mobile-disabled=\"false\" class=\"elementor-section elementor-top-section elementor-element elementor-element-7c679814 elementor-section-boxed elementor-section-height-default elementor-section-height-default\" data-id=\"7c679814\" data-element_type=\"section\" data-e-type=\"section\">\n\t\t\t\t\t\t<div class=\"elementor-container elementor-column-gap-custom\">\n\t\t\t\t\t<div class=\"elementor-column elementor-col-50 elementor-top-column elementor-element elementor-element-135c199b\" data-id=\"135c199b\" data-element_type=\"column\" data-e-type=\"column\">\n\t\t\t<div class=\"elementor-widget-wrap elementor-element-populated\">\n\t\t\t\t\t\t<div class=\"elementor-element elementor-element-5dc30be0 elementor-widget elementor-widget-image\" data-id=\"5dc30be0\" data-element_type=\"widget\" data-e-type=\"widget\" data-widget_type=\"image.default\">\n\t\t\t\t<div class=\"elementor-widget-container\">\n\t\t\t\t\t\t\t\t\t\t\t\t\t\t\t<img loading=\"lazy\" decoding=\"async\" width=\"666\" height=\"500\" src=\"https:\/\/maxclean.com\/wp-content\/uploads\/2022\/03\/maxclean-2.jpg\" class=\"attachment-large size-large wp-image-1048\" alt=\"\" srcset=\"https:\/\/maxclean.com\/wp-content\/uploads\/2022\/03\/maxclean-2.jpg 666w, https:\/\/maxclean.com\/wp-content\/uploads\/2022\/03\/maxclean-2-300x225.jpg 300w\" sizes=\"(max-width: 666px) 100vw, 666px\" \/>\t\t\t\t\t\t\t\t\t\t\t\t\t\t\t<\/div>\n\t\t\t\t<\/div>\n\t\t\t\t\t<\/div>\n\t\t<\/div>\n\t\t\t\t<div class=\"elementor-column elementor-col-50 elementor-top-column elementor-element elementor-element-7682dbee\" data-id=\"7682dbee\" data-element_type=\"column\" data-e-type=\"column\">\n\t\t\t<div class=\"elementor-widget-wrap elementor-element-populated\">\n\t\t\t\t\t\t<div class=\"elementor-element elementor-element-6aa8d47 elementor-widget elementor-widget-heading\" data-id=\"6aa8d47\" data-element_type=\"widget\" data-e-type=\"widget\" data-widget_type=\"heading.default\">\n\t\t\t\t<div class=\"elementor-widget-container\">\n\t\t\t\t\t<h6 class=\"elementor-heading-title elementor-size-default\">Bonheur des employ\u00e9s<\/h6>\t\t\t\t<\/div>\n\t\t\t\t<\/div>\n\t\t\t\t<div class=\"elementor-element elementor-element-57a144e elementor-widget elementor-widget-heading\" data-id=\"57a144e\" data-element_type=\"widget\" data-e-type=\"widget\" data-widget_type=\"heading.default\">\n\t\t\t\t<div class=\"elementor-widget-container\">\n\t\t\t\t\t<h2 class=\"elementor-heading-title elementor-size-default\">la satisfaction des employ\u00e9s contribue \u00e0 l&#039;efficacit\u00e9 de l&#039;entreprise<\/h2>\t\t\t\t<\/div>\n\t\t\t\t<\/div>\n\t\t\t\t<div class=\"elementor-element elementor-element-6b05a370 elementor-widget elementor-widget-text-editor\" data-id=\"6b05a370\" data-element_type=\"widget\" data-e-type=\"widget\" data-widget_type=\"text-editor.default\">\n\t\t\t\t<div class=\"elementor-widget-container\">\n\t\t\t\t\t\t\t\t\t<div class=\"wpb_text_column\"><p>En tant qu&#039;employeur \u00e9thique et responsable de produits consommables pour salles blanches, nous avons de nombreuses opportunit\u00e9s d&#039;am\u00e9liorer la vie de nos employ\u00e9s. Offrir des possibilit\u00e9s d&#039;emploi n&#039;est que la premi\u00e8re \u00e9tape; nos employ\u00e9s ont \u00e9galement besoin d&#039;un espace de travail et de pauses ad\u00e9quats, de mat\u00e9riaux s\u00fbrs et non dangereux et d&#039;un environnement de travail confortable. Nous voulons que nos employ\u00e9s soient heureux de travailler et de vivre dans nos usines. A cet effet, Maxclean met \u00e0 la disposition de ses collaborateurs :<\/p><ul><li>Ample verdure et toilettes dans l&#039;usine.<\/li><li>Mat\u00e9riaux de production et v\u00eatements de travail s\u00fbrs et inoffensifs<\/li><li>Formation continue pour aider les employ\u00e9s \u00e0 am\u00e9liorer leurs comp\u00e9tences.<\/li><li>Des \u00e9v\u00e9nements r\u00e9guliers pour les employ\u00e9s afin de leur donner un sentiment d&#039;appartenance.<\/li><\/ul><\/div>\t\t\t\t\t\t\t\t<\/div>\n\t\t\t\t<\/div>\n\t\t\t\t\t<\/div>\n\t\t<\/div>\n\t\t\t\t\t<\/div>\n\t\t<\/section>\n\t\t\t\t<\/div>","protected":false},"excerpt":{"rendered":"<p>Our Factory Leading Qualified Cleanroom Supplies Factory As a professional manufacturer, our cleanroom consumable products factory has been established for more than 30 years. Maxclean has a complete production system of R&amp;D, material procurement, production, inspection, packaging and export.With skilled and experienced workers, strict quality control system, excellent management team and work team, and pay [&hellip;]<\/p>\n","protected":false},"author":1,"featured_media":0,"parent":0,"menu_order":0,"comment_status":"closed","ping_status":"closed","template":"","meta":{"footnotes":""},"class_list":["post-311","page","type-page","status-publish","hentry"],"blocksy_meta":{"styles_descriptor":{"styles":{"desktop":"","tablet":"","mobile":""},"google_fonts":[],"version":6}},"_links":{"self":[{"href":"https:\/\/maxclean.com\/fr\/wp-json\/wp\/v2\/pages\/311","targetHints":{"allow":["GET"]}}],"collection":[{"href":"https:\/\/maxclean.com\/fr\/wp-json\/wp\/v2\/pages"}],"about":[{"href":"https:\/\/maxclean.com\/fr\/wp-json\/wp\/v2\/types\/page"}],"author":[{"embeddable":true,"href":"https:\/\/maxclean.com\/fr\/wp-json\/wp\/v2\/users\/1"}],"replies":[{"embeddable":true,"href":"https:\/\/maxclean.com\/fr\/wp-json\/wp\/v2\/comments?post=311"}],"version-history":[{"count":25,"href":"https:\/\/maxclean.com\/fr\/wp-json\/wp\/v2\/pages\/311\/revisions"}],"predecessor-version":[{"id":1740,"href":"https:\/\/maxclean.com\/fr\/wp-json\/wp\/v2\/pages\/311\/revisions\/1740"}],"wp:attachment":[{"href":"https:\/\/maxclean.com\/fr\/wp-json\/wp\/v2\/media?parent=311"}],"curies":[{"name":"wp","href":"https:\/\/api.w.org\/{rel}","templated":true}]}}