{"id":1318,"date":"2022-03-22T10:42:28","date_gmt":"2022-03-22T02:42:28","guid":{"rendered":"https:\/\/maxclean.com\/?page_id=1318"},"modified":"2022-03-22T11:14:46","modified_gmt":"2022-03-22T03:14:46","slug":"garments","status":"publish","type":"page","link":"https:\/\/maxclean.com\/fr\/garments\/","title":{"rendered":"Habits"},"content":{"rendered":"<div data-elementor-type=\"wp-page\" data-elementor-id=\"1318\" class=\"elementor elementor-1318\" data-elementor-post-type=\"page\">\n\t\t\t\t\t\t<section data-particle_enable=\"false\" data-particle-mobile-disabled=\"false\" class=\"elementor-section elementor-top-section elementor-element elementor-element-f5c1073 ct-section-stretched elementor-section-height-min-height elementor-section-boxed elementor-section-height-default elementor-section-items-middle\" data-id=\"f5c1073\" data-element_type=\"section\" data-e-type=\"section\" data-settings=\"{&quot;background_background&quot;:&quot;classic&quot;}\">\n\t\t\t\t\t\t\t<div class=\"elementor-background-overlay\"><\/div>\n\t\t\t\t\t\t\t<div class=\"elementor-container elementor-column-gap-default\">\n\t\t\t\t\t<div class=\"elementor-column elementor-col-100 elementor-top-column elementor-element elementor-element-095879d\" data-id=\"095879d\" data-element_type=\"column\" data-e-type=\"column\">\n\t\t\t<div class=\"elementor-widget-wrap elementor-element-populated\">\n\t\t\t\t\t\t<div class=\"elementor-element elementor-element-2c405fa elementor-widget elementor-widget-heading\" data-id=\"2c405fa\" data-element_type=\"widget\" data-e-type=\"widget\" data-widget_type=\"heading.default\">\n\t\t\t\t<div class=\"elementor-widget-container\">\n\t\t\t\t\t<h1 class=\"elementor-heading-title elementor-size-default\">V\u00eatements ESD<\/h1>\t\t\t\t<\/div>\n\t\t\t\t<\/div>\n\t\t\t\t\t<\/div>\n\t\t<\/div>\n\t\t\t\t\t<\/div>\n\t\t<\/section>\n\t\t\t\t<section data-particle_enable=\"false\" data-particle-mobile-disabled=\"false\" class=\"elementor-section elementor-top-section elementor-element elementor-element-ce84d66 elementor-reverse-mobile elementor-section-boxed elementor-section-height-default elementor-section-height-default\" data-id=\"ce84d66\" data-element_type=\"section\" data-e-type=\"section\">\n\t\t\t\t\t\t<div class=\"elementor-container elementor-column-gap-default\">\n\t\t\t\t\t<div class=\"elementor-column elementor-col-50 elementor-top-column elementor-element elementor-element-2c1b9e6\" data-id=\"2c1b9e6\" data-element_type=\"column\" data-e-type=\"column\">\n\t\t\t<div class=\"elementor-widget-wrap elementor-element-populated\">\n\t\t\t\t\t\t<section data-particle_enable=\"false\" data-particle-mobile-disabled=\"false\" class=\"elementor-section elementor-inner-section elementor-element elementor-element-76816b2 elementor-section-boxed elementor-section-height-default elementor-section-height-default\" data-id=\"76816b2\" data-element_type=\"section\" data-e-type=\"section\">\n\t\t\t\t\t\t<div class=\"elementor-container elementor-column-gap-default\">\n\t\t\t\t\t<div class=\"elementor-column elementor-col-100 elementor-inner-column elementor-element elementor-element-f65b97f\" data-id=\"f65b97f\" data-element_type=\"column\" data-e-type=\"column\">\n\t\t\t<div class=\"elementor-widget-wrap elementor-element-populated\">\n\t\t\t\t\t\t<div class=\"elementor-element elementor-element-b82311d elementor-widget elementor-widget-heading\" data-id=\"b82311d\" data-element_type=\"widget\" data-e-type=\"widget\" data-widget_type=\"heading.default\">\n\t\t\t\t<div class=\"elementor-widget-container\">\n\t\t\t\t\t<h3 class=\"elementor-heading-title elementor-size-default\">cat\u00e9gorie de produit<\/h3>\t\t\t\t<\/div>\n\t\t\t\t<\/div>\n\t\t\t\t<div class=\"elementor-element elementor-element-bc309a1 eael_advanced_menu_hamburger_disable_selected_menu_no eael-advanced-menu-hamburger-align-right eael-hamburger--tablet elementor-widget elementor-widget-eael-advanced-menu\" data-id=\"bc309a1\" data-element_type=\"widget\" data-e-type=\"widget\" data-widget_type=\"eael-advanced-menu.default\">\n\t\t\t\t<div class=\"elementor-widget-container\">\n\t\t\t\t\t<style>\n                        @media screen and (max-width: 1024px) {\n                            .eael-hamburger--tablet {\n                                .eael-advanced-menu-horizontal,\n                                .eael-advanced-menu-vertical {\n                                    display: none;\n                                }\n                            }\n                            .eael-hamburger--tablet {\n                                .eael-advanced-menu-container .eael-advanced-menu-toggle {\n                                    display: block;\n                                }\n                            }\n                        }\n                    <\/style>            <div data-hamburger-icon=\"&lt;i aria-hidden=&quot;true&quot; class=&quot;fas fa-bars&quot;&gt;&lt;\/i&gt;\" data-indicator-class=\"&lt;i aria-hidden=&quot;true&quot; class=&quot;fas fa-angle-down&quot;&gt;&lt;\/i&gt;\" data-dropdown-indicator-class=\"&lt;i aria-hidden=&quot;true&quot; class=&quot;fas fa-angle-down&quot;&gt;&lt;\/i&gt;\" class=\"eael-advanced-menu-container eael-advanced-menu-align-left eael-advanced-menu-dropdown-align-left\" data-hamburger-breakpoints=\"{&quot;mobile&quot;:&quot;Portrait mobile (&gt; 767px)&quot;,&quot;tablet&quot;:&quot;Tablette en mode portrait (&gt; 1024px)&quot;,&quot;desktop&quot;:&quot;Desktop (&gt; 2400px)&quot;,&quot;none&quot;:&quot;None&quot;}\" data-hamburger-device=\"tablet\">\n                <ul id=\"menu-product-category\" class=\"eael-advanced-menu eael-advanced-menu-dropdown-animate-to-top eael-advanced-menu-indicator eael-advanced-menu-vertical\"><li id=\"menu-item-796\" class=\"menu-item menu-item-type-post_type menu-item-object-page menu-item-796\"><a href=\"https:\/\/maxclean.com\/fr\/cleanroom-hairnet\/\">Filet \u00e0 cheveux pour salle blanche<\/a><\/li>\n<li id=\"menu-item-1387\" class=\"menu-item menu-item-type-post_type menu-item-object-page menu-item-1387\"><a href=\"https:\/\/maxclean.com\/fr\/notebook\/\">Cahier de salle blanche<\/a><\/li>\n<li id=\"menu-item-1386\" class=\"menu-item menu-item-type-post_type menu-item-object-page menu-item-1386\"><a href=\"https:\/\/maxclean.com\/fr\/paper\/\">Papier pour salle blanche<\/a><\/li>\n<li id=\"menu-item-805\" class=\"menu-item menu-item-type-post_type menu-item-object-page menu-item-805\"><a href=\"https:\/\/maxclean.com\/fr\/cleanroom-wiper\/\">Essuie-glace pour salle blanche<\/a><\/li>\n<li id=\"menu-item-1385\" class=\"menu-item menu-item-type-post_type menu-item-object-page menu-item-1385\"><a href=\"https:\/\/maxclean.com\/fr\/garments\/\">V\u00eatements ESD<\/a><\/li>\n<li id=\"menu-item-1384\" class=\"menu-item menu-item-type-post_type menu-item-object-page menu-item-1384\"><a href=\"https:\/\/maxclean.com\/fr\/filters\/\">Filtre<\/a><\/li>\n<li id=\"menu-item-1383\" class=\"menu-item menu-item-type-post_type menu-item-object-page menu-item-1383\"><a href=\"https:\/\/maxclean.com\/fr\/fingercots\/\">Doigtiers<\/a><\/li>\n<li id=\"menu-item-799\" class=\"menu-item menu-item-type-post_type menu-item-object-page menu-item-799\"><a href=\"https:\/\/maxclean.com\/fr\/face-mask\/\">Masque facial<\/a><\/li>\n<li id=\"menu-item-1039\" class=\"menu-item menu-item-type-post_type menu-item-object-page menu-item-1039\"><a href=\"https:\/\/maxclean.com\/fr\/gloves\/\">Gants<\/a><\/li>\n<li id=\"menu-item-1382\" class=\"menu-item menu-item-type-post_type menu-item-object-page menu-item-1382\"><a href=\"https:\/\/maxclean.com\/fr\/mopcover\/\">Housse de vadrouille<\/a><\/li>\n<li id=\"menu-item-800\" class=\"menu-item menu-item-type-post_type menu-item-object-page menu-item-800\"><a href=\"https:\/\/maxclean.com\/fr\/pe-po-bags\/\">Sacs PE &amp; PO<\/a><\/li>\n<li id=\"menu-item-1381\" class=\"menu-item menu-item-type-post_type menu-item-object-page menu-item-1381\"><a href=\"https:\/\/maxclean.com\/fr\/shoecover\/\">Couvre-chaussure<\/a><\/li>\n<li id=\"menu-item-802\" class=\"menu-item menu-item-type-post_type menu-item-object-page menu-item-802\"><a href=\"https:\/\/maxclean.com\/fr\/stick-products\/\">Produits collants<\/a><\/li>\n<li id=\"menu-item-803\" class=\"menu-item menu-item-type-post_type menu-item-object-page menu-item-803\"><a href=\"https:\/\/maxclean.com\/fr\/swabs\/\">\u00c9couvillons<\/a><\/li>\n<\/ul>                <button class=\"eael-advanced-menu-toggle\" aria-label=\"Essential Addons Toggle Menu\">\n                    <i aria-hidden=\"true\" class=\"fas fa-bars\"><\/i>                <\/button>\n            <\/div>\n            \t\t\t\t<\/div>\n\t\t\t\t<\/div>\n\t\t\t\t\t<\/div>\n\t\t<\/div>\n\t\t\t\t\t<\/div>\n\t\t<\/section>\n\t\t\t\t\t<\/div>\n\t\t<\/div>\n\t\t\t\t<div class=\"elementor-column elementor-col-50 elementor-top-column elementor-element elementor-element-305362e\" data-id=\"305362e\" data-element_type=\"column\" data-e-type=\"column\" data-settings=\"{&quot;background_background&quot;:&quot;classic&quot;}\">\n\t\t\t<div class=\"elementor-widget-wrap elementor-element-populated\">\n\t\t\t\t\t\t<section data-particle_enable=\"false\" data-particle-mobile-disabled=\"false\" class=\"elementor-section elementor-inner-section elementor-element elementor-element-fd2d406 elementor-section-boxed elementor-section-height-default elementor-section-height-default\" data-id=\"fd2d406\" data-element_type=\"section\" data-e-type=\"section\">\n\t\t\t\t\t\t<div class=\"elementor-container elementor-column-gap-default\">\n\t\t\t\t\t<div class=\"elementor-column elementor-col-33 elementor-inner-column elementor-element elementor-element-5f7ffb2 hovergrow\" data-id=\"5f7ffb2\" data-element_type=\"column\" data-e-type=\"column\" data-settings=\"{&quot;background_background&quot;:&quot;classic&quot;}\">\n\t\t\t<div class=\"elementor-widget-wrap elementor-element-populated\">\n\t\t\t\t\t\t<div class=\"elementor-element elementor-element-54181de elementor-position-top elementor-widget elementor-widget-image-box\" data-id=\"54181de\" data-element_type=\"widget\" data-e-type=\"widget\" data-widget_type=\"image-box.default\">\n\t\t\t\t<div class=\"elementor-widget-container\">\n\t\t\t\t\t<div class=\"elementor-image-box-wrapper\"><figure class=\"elementor-image-box-img\"><a href=\"https:\/\/maxclean.com\/fr\/garments\/esd-garments\/\" tabindex=\"-1\"><img fetchpriority=\"high\" decoding=\"async\" width=\"200\" height=\"300\" src=\"https:\/\/maxclean.com\/wp-content\/uploads\/2022\/03\/ESD-Garments03-1-200x300.jpg\" class=\"attachment-medium size-medium wp-image-897\" alt=\"\" srcset=\"https:\/\/maxclean.com\/wp-content\/uploads\/2022\/03\/ESD-Garments03-1-200x300.jpg 200w, https:\/\/maxclean.com\/wp-content\/uploads\/2022\/03\/ESD-Garments03-1.jpg 399w\" sizes=\"(max-width: 200px) 100vw, 200px\" \/><\/a><\/figure><div class=\"elementor-image-box-content\"><h5 class=\"elementor-image-box-title\"><a href=\"https:\/\/maxclean.com\/fr\/garments\/esd-garments\/\">V\u00eatements ESD<\/a><\/h5><\/div><\/div>\t\t\t\t<\/div>\n\t\t\t\t<\/div>\n\t\t\t\t\t<\/div>\n\t\t<\/div>\n\t\t\t\t<div class=\"elementor-column elementor-col-33 elementor-inner-column elementor-element elementor-element-9bfa0f2\" data-id=\"9bfa0f2\" data-element_type=\"column\" data-e-type=\"column\">\n\t\t\t<div class=\"elementor-widget-wrap\">\n\t\t\t\t\t\t\t<\/div>\n\t\t<\/div>\n\t\t\t\t<div class=\"elementor-column elementor-col-33 elementor-inner-column elementor-element elementor-element-4b4c722\" data-id=\"4b4c722\" data-element_type=\"column\" data-e-type=\"column\">\n\t\t\t<div class=\"elementor-widget-wrap\">\n\t\t\t\t\t\t\t<\/div>\n\t\t<\/div>\n\t\t\t\t\t<\/div>\n\t\t<\/section>\n\t\t\t\t\t<\/div>\n\t\t<\/div>\n\t\t\t\t\t<\/div>\n\t\t<\/section>\n\t\t\t\t<\/div>","protected":false},"excerpt":{"rendered":"<p>V\u00eatements ESD Cat\u00e9gorie de produits Filet \u00e0 cheveux pour salle blanche Ordinateur portable pour salle blanche Papier pour salle blanche Essuie-glace pour v\u00eatements ESD Filtre Doigtiers Masque facial Gants Housse de vadrouille Sacs PE et PO Couvre-chaussures Produits collants Tampons V\u00eatements ESD<\/p>","protected":false},"author":1,"featured_media":0,"parent":0,"menu_order":0,"comment_status":"closed","ping_status":"closed","template":"","meta":{"footnotes":""},"class_list":["post-1318","page","type-page","status-publish","hentry"],"blocksy_meta":{"styles_descriptor":{"styles":{"desktop":"","tablet":"","mobile":""},"google_fonts":[],"version":6}},"_links":{"self":[{"href":"https:\/\/maxclean.com\/fr\/wp-json\/wp\/v2\/pages\/1318","targetHints":{"allow":["GET"]}}],"collection":[{"href":"https:\/\/maxclean.com\/fr\/wp-json\/wp\/v2\/pages"}],"about":[{"href":"https:\/\/maxclean.com\/fr\/wp-json\/wp\/v2\/types\/page"}],"author":[{"embeddable":true,"href":"https:\/\/maxclean.com\/fr\/wp-json\/wp\/v2\/users\/1"}],"replies":[{"embeddable":true,"href":"https:\/\/maxclean.com\/fr\/wp-json\/wp\/v2\/comments?post=1318"}],"version-history":[{"count":13,"href":"https:\/\/maxclean.com\/fr\/wp-json\/wp\/v2\/pages\/1318\/revisions"}],"predecessor-version":[{"id":1396,"href":"https:\/\/maxclean.com\/fr\/wp-json\/wp\/v2\/pages\/1318\/revisions\/1396"}],"wp:attachment":[{"href":"https:\/\/maxclean.com\/fr\/wp-json\/wp\/v2\/media?parent=1318"}],"curies":[{"name":"wp","href":"https:\/\/api.w.org\/{rel}","templated":true}]}}