{"id":311,"date":"2022-03-08T14:41:33","date_gmt":"2022-03-08T06:41:33","guid":{"rendered":"https:\/\/maxclean.com\/?page_id=311"},"modified":"2022-03-28T10:50:24","modified_gmt":"2022-03-28T02:50:24","slug":"our-factory","status":"publish","type":"page","link":"https:\/\/maxclean.com\/es\/our-factory\/","title":{"rendered":"Nuestra f\u00e1brica"},"content":{"rendered":"<div data-elementor-type=\"wp-page\" data-elementor-id=\"311\" class=\"elementor elementor-311\" data-elementor-post-type=\"page\">\n\t\t\t\t\t\t<section data-particle_enable=\"false\" data-particle-mobile-disabled=\"false\" class=\"elementor-section elementor-top-section elementor-element elementor-element-752f120 ct-section-stretched elementor-section-height-min-height elementor-section-boxed elementor-section-height-default elementor-section-items-middle\" data-id=\"752f120\" data-element_type=\"section\" data-e-type=\"section\" data-settings=\"{&quot;background_background&quot;:&quot;classic&quot;}\">\n\t\t\t\t\t\t\t<div class=\"elementor-background-overlay\"><\/div>\n\t\t\t\t\t\t\t<div class=\"elementor-container elementor-column-gap-default\">\n\t\t\t\t\t<div class=\"elementor-column elementor-col-100 elementor-top-column elementor-element elementor-element-a1873e7\" data-id=\"a1873e7\" data-element_type=\"column\" data-e-type=\"column\">\n\t\t\t<div class=\"elementor-widget-wrap elementor-element-populated\">\n\t\t\t\t\t\t<div class=\"elementor-element elementor-element-e4906a6 elementor-widget elementor-widget-heading\" data-id=\"e4906a6\" data-element_type=\"widget\" data-e-type=\"widget\" data-widget_type=\"heading.default\">\n\t\t\t\t<div class=\"elementor-widget-container\">\n\t\t\t\t\t<h1 class=\"elementor-heading-title elementor-size-default\">Nuestra f\u00e1brica<\/h1>\t\t\t\t<\/div>\n\t\t\t\t<\/div>\n\t\t\t\t\t<\/div>\n\t\t<\/div>\n\t\t\t\t\t<\/div>\n\t\t<\/section>\n\t\t\t\t<section data-particle_enable=\"false\" data-particle-mobile-disabled=\"false\" class=\"elementor-section elementor-top-section elementor-element elementor-element-24ccf8ec elementor-section-boxed elementor-section-height-default elementor-section-height-default\" data-id=\"24ccf8ec\" data-element_type=\"section\" data-e-type=\"section\">\n\t\t\t\t\t\t<div class=\"elementor-container elementor-column-gap-default\">\n\t\t\t\t\t<div class=\"elementor-column elementor-col-50 elementor-top-column elementor-element elementor-element-4a3148af\" data-id=\"4a3148af\" data-element_type=\"column\" data-e-type=\"column\" data-settings=\"{&quot;background_background&quot;:&quot;gradient&quot;}\">\n\t\t\t<div class=\"elementor-widget-wrap elementor-element-populated\">\n\t\t\t\t\t\t<div class=\"elementor-element elementor-element-5d91dc76 elementor-widget elementor-widget-image\" data-id=\"5d91dc76\" data-element_type=\"widget\" data-e-type=\"widget\" data-widget_type=\"image.default\">\n\t\t\t\t<div class=\"elementor-widget-container\">\n\t\t\t\t\t\t\t\t\t\t\t\t\t\t\t<img fetchpriority=\"high\" decoding=\"async\" width=\"700\" height=\"466\" src=\"https:\/\/maxclean.com\/wp-content\/uploads\/2022\/03\/Maxclean101.jpg\" class=\"attachment-medium_large size-medium_large wp-image-611\" alt=\"\" srcset=\"https:\/\/maxclean.com\/wp-content\/uploads\/2022\/03\/Maxclean101.jpg 700w, https:\/\/maxclean.com\/wp-content\/uploads\/2022\/03\/Maxclean101-300x200.jpg 300w\" sizes=\"(max-width: 700px) 100vw, 700px\" \/>\t\t\t\t\t\t\t\t\t\t\t\t\t\t\t<\/div>\n\t\t\t\t<\/div>\n\t\t\t\t\t<\/div>\n\t\t<\/div>\n\t\t\t\t<div class=\"elementor-column elementor-col-50 elementor-top-column elementor-element elementor-element-5e98a847\" data-id=\"5e98a847\" data-element_type=\"column\" data-e-type=\"column\">\n\t\t\t<div class=\"elementor-widget-wrap elementor-element-populated\">\n\t\t\t\t\t\t<div class=\"elementor-element elementor-element-265aea08 elementor-widget elementor-widget-heading\" data-id=\"265aea08\" data-element_type=\"widget\" data-e-type=\"widget\" data-widget_type=\"heading.default\">\n\t\t\t\t<div class=\"elementor-widget-container\">\n\t\t\t\t\t<h2 class=\"elementor-heading-title elementor-size-default\">F\u00e1brica l\u00edder de suministros calificados para salas limpias<\/h2>\t\t\t\t<\/div>\n\t\t\t\t<\/div>\n\t\t\t\t<div class=\"elementor-element elementor-element-50d6d01e elementor-widget elementor-widget-text-editor\" data-id=\"50d6d01e\" data-element_type=\"widget\" data-e-type=\"widget\" data-widget_type=\"text-editor.default\">\n\t\t\t\t<div class=\"elementor-widget-container\">\n\t\t\t\t\t\t\t\t\t<p>Como fabricante profesional, nuestra f\u00e1brica de productos consumibles para salas limpias se estableci\u00f3 hace m\u00e1s de 30 a\u00f1os. Maxclean tiene un sistema de producci\u00f3n completo de I + D, adquisici\u00f3n de materiales, producci\u00f3n, inspecci\u00f3n, embalaje y exportaci\u00f3n.<br \/>Con trabajadores calificados y experimentados, un estricto sistema de control de calidad, un excelente equipo de gesti\u00f3n y de trabajo, y prestar mucha atenci\u00f3n al mercado de productos consumibles para salas limpias, todo eso garantiza que los productos Maxclean puedan cumplir con los est\u00e1ndares internacionales.<\/p>\t\t\t\t\t\t\t\t<\/div>\n\t\t\t\t<\/div>\n\t\t\t\t<div class=\"elementor-element elementor-element-3850ebd elementor-align-left elementor-tablet-align-right elementor-mobile-align-center elementor-widget__width-auto elementor-widget elementor-widget-button\" data-id=\"3850ebd\" data-element_type=\"widget\" data-e-type=\"widget\" data-widget_type=\"button.default\">\n\t\t\t\t<div class=\"elementor-widget-container\">\n\t\t\t\t\t\t\t\t\t<div class=\"elementor-button-wrapper\">\n\t\t\t\t\t<a class=\"elementor-button elementor-button-link elementor-size-md\" href=\"#elementor-action%3Aaction%3Dpopup%3Aopen%26settings%3DeyJpZCI6IjI4NCIsInRvZ2dsZSI6ZmFsc2V9\">\n\t\t\t\t\t\t<span class=\"elementor-button-content-wrapper\">\n\t\t\t\t\t\t\t\t\t<span class=\"elementor-button-text\">Cont\u00e1ctenos<\/span>\n\t\t\t\t\t<\/span>\n\t\t\t\t\t<\/a>\n\t\t\t\t<\/div>\n\t\t\t\t\t\t\t\t<\/div>\n\t\t\t\t<\/div>\n\t\t\t\t\t<\/div>\n\t\t<\/div>\n\t\t\t\t\t<\/div>\n\t\t<\/section>\n\t\t\t\t<section data-particle_enable=\"false\" data-particle-mobile-disabled=\"false\" class=\"elementor-section elementor-top-section elementor-element elementor-element-1c7e8546 ct-section-stretched elementor-section-full_width elementor-section-height-default elementor-section-height-default\" data-id=\"1c7e8546\" data-element_type=\"section\" data-e-type=\"section\">\n\t\t\t\t\t\t<div class=\"elementor-container elementor-column-gap-default\">\n\t\t\t\t\t<div class=\"elementor-column elementor-col-100 elementor-top-column elementor-element elementor-element-1f37d524\" data-id=\"1f37d524\" data-element_type=\"column\" data-e-type=\"column\">\n\t\t\t<div class=\"elementor-widget-wrap elementor-element-populated\">\n\t\t\t\t\t\t<div class=\"elementor-element elementor-element-2562e1ba elementor-widget elementor-widget-heading\" data-id=\"2562e1ba\" data-element_type=\"widget\" data-e-type=\"widget\" data-widget_type=\"heading.default\">\n\t\t\t\t<div class=\"elementor-widget-container\">\n\t\t\t\t\t<h2 class=\"elementor-heading-title elementor-size-default\">Nuestra compa\u00f1\u00eda<\/h2>\t\t\t\t<\/div>\n\t\t\t\t<\/div>\n\t\t\t\t<div class=\"elementor-element elementor-element-bd438c1 gallery-spacing-custom elementor-widget elementor-widget-image-gallery\" data-id=\"bd438c1\" data-element_type=\"widget\" data-e-type=\"widget\" data-widget_type=\"image-gallery.default\">\n\t\t\t\t<div class=\"elementor-widget-container\">\n\t\t\t\t\t\t\t<div class=\"elementor-image-gallery\">\n\t\t\t<div id='gallery-1' class='gallery galleryid-311 gallery-columns-4 gallery-size-medium_large'><figure class='gallery-item'>\n\t\t\t<div class='gallery-icon landscape'>\n\t\t\t\t<a data-elementor-open-lightbox=\"no\" href='https:\/\/maxclean.com\/wp-content\/uploads\/2022\/03\/factory-1.jpg'><img decoding=\"async\" width=\"600\" height=\"600\" src=\"https:\/\/maxclean.com\/wp-content\/uploads\/2022\/03\/factory-1.jpg\" class=\"attachment-medium_large size-medium_large\" alt=\"\" srcset=\"https:\/\/maxclean.com\/wp-content\/uploads\/2022\/03\/factory-1.jpg 600w, https:\/\/maxclean.com\/wp-content\/uploads\/2022\/03\/factory-1-300x300.jpg 300w, https:\/\/maxclean.com\/wp-content\/uploads\/2022\/03\/factory-1-150x150.jpg 150w\" sizes=\"(max-width: 600px) 100vw, 600px\" \/><\/a>\n\t\t\t<\/div><\/figure><figure class='gallery-item'>\n\t\t\t<div class='gallery-icon landscape'>\n\t\t\t\t<a data-elementor-open-lightbox=\"no\" href='https:\/\/maxclean.com\/wp-content\/uploads\/2022\/03\/factory-2.jpg'><img decoding=\"async\" width=\"600\" height=\"600\" src=\"https:\/\/maxclean.com\/wp-content\/uploads\/2022\/03\/factory-2.jpg\" class=\"attachment-medium_large size-medium_large\" alt=\"\" srcset=\"https:\/\/maxclean.com\/wp-content\/uploads\/2022\/03\/factory-2.jpg 600w, https:\/\/maxclean.com\/wp-content\/uploads\/2022\/03\/factory-2-300x300.jpg 300w, https:\/\/maxclean.com\/wp-content\/uploads\/2022\/03\/factory-2-150x150.jpg 150w\" sizes=\"(max-width: 600px) 100vw, 600px\" \/><\/a>\n\t\t\t<\/div><\/figure><figure class='gallery-item'>\n\t\t\t<div class='gallery-icon landscape'>\n\t\t\t\t<a data-elementor-open-lightbox=\"no\" href='https:\/\/maxclean.com\/wp-content\/uploads\/2022\/03\/factory-3.jpg'><img loading=\"lazy\" decoding=\"async\" width=\"600\" height=\"600\" src=\"https:\/\/maxclean.com\/wp-content\/uploads\/2022\/03\/factory-3.jpg\" class=\"attachment-medium_large size-medium_large\" alt=\"\" srcset=\"https:\/\/maxclean.com\/wp-content\/uploads\/2022\/03\/factory-3.jpg 600w, https:\/\/maxclean.com\/wp-content\/uploads\/2022\/03\/factory-3-300x300.jpg 300w, https:\/\/maxclean.com\/wp-content\/uploads\/2022\/03\/factory-3-150x150.jpg 150w\" sizes=\"(max-width: 600px) 100vw, 600px\" \/><\/a>\n\t\t\t<\/div><\/figure><figure class='gallery-item'>\n\t\t\t<div class='gallery-icon landscape'>\n\t\t\t\t<a data-elementor-open-lightbox=\"no\" href='https:\/\/maxclean.com\/wp-content\/uploads\/2022\/03\/factory-4.jpg'><img loading=\"lazy\" decoding=\"async\" width=\"600\" height=\"600\" src=\"https:\/\/maxclean.com\/wp-content\/uploads\/2022\/03\/factory-4.jpg\" class=\"attachment-medium_large size-medium_large\" alt=\"\" srcset=\"https:\/\/maxclean.com\/wp-content\/uploads\/2022\/03\/factory-4.jpg 600w, https:\/\/maxclean.com\/wp-content\/uploads\/2022\/03\/factory-4-300x300.jpg 300w, https:\/\/maxclean.com\/wp-content\/uploads\/2022\/03\/factory-4-150x150.jpg 150w\" sizes=\"(max-width: 600px) 100vw, 600px\" \/><\/a>\n\t\t\t<\/div><\/figure>\n\t\t<\/div>\n\t\t<\/div>\n\t\t\t\t\t\t<\/div>\n\t\t\t\t<\/div>\n\t\t\t\t\t<\/div>\n\t\t<\/div>\n\t\t\t\t\t<\/div>\n\t\t<\/section>\n\t\t\t\t<section data-particle_enable=\"false\" data-particle-mobile-disabled=\"false\" class=\"elementor-section elementor-top-section elementor-element elementor-element-49af30aa elementor-section-boxed elementor-section-height-default elementor-section-height-default\" data-id=\"49af30aa\" data-element_type=\"section\" data-e-type=\"section\">\n\t\t\t\t\t\t<div class=\"elementor-container elementor-column-gap-custom\">\n\t\t\t\t\t<div class=\"elementor-column elementor-col-50 elementor-top-column elementor-element elementor-element-5304f94e\" data-id=\"5304f94e\" data-element_type=\"column\" data-e-type=\"column\">\n\t\t\t<div class=\"elementor-widget-wrap elementor-element-populated\">\n\t\t\t\t\t\t<div class=\"elementor-element elementor-element-4e4611f3 elementor-widget elementor-widget-image\" data-id=\"4e4611f3\" data-element_type=\"widget\" data-e-type=\"widget\" data-widget_type=\"image.default\">\n\t\t\t\t<div class=\"elementor-widget-container\">\n\t\t\t\t\t\t\t\t\t\t\t\t\t\t\t<img loading=\"lazy\" decoding=\"async\" width=\"666\" height=\"500\" src=\"https:\/\/maxclean.com\/wp-content\/uploads\/2022\/03\/maxclean-1.jpg\" class=\"attachment-large size-large wp-image-1051\" alt=\"\" srcset=\"https:\/\/maxclean.com\/wp-content\/uploads\/2022\/03\/maxclean-1.jpg 666w, https:\/\/maxclean.com\/wp-content\/uploads\/2022\/03\/maxclean-1-300x225.jpg 300w\" sizes=\"(max-width: 666px) 100vw, 666px\" \/>\t\t\t\t\t\t\t\t\t\t\t\t\t\t\t<\/div>\n\t\t\t\t<\/div>\n\t\t\t\t\t<\/div>\n\t\t<\/div>\n\t\t\t\t<div class=\"elementor-column elementor-col-50 elementor-top-column elementor-element elementor-element-7dd4a9cd\" data-id=\"7dd4a9cd\" data-element_type=\"column\" data-e-type=\"column\">\n\t\t\t<div class=\"elementor-widget-wrap elementor-element-populated\">\n\t\t\t\t\t\t<div class=\"elementor-element elementor-element-52cd0ab elementor-widget elementor-widget-heading\" data-id=\"52cd0ab\" data-element_type=\"widget\" data-e-type=\"widget\" data-widget_type=\"heading.default\">\n\t\t\t\t<div class=\"elementor-widget-container\">\n\t\t\t\t\t<h6 class=\"elementor-heading-title elementor-size-default\">Orientado a la Calidad<\/h6>\t\t\t\t<\/div>\n\t\t\t\t<\/div>\n\t\t\t\t<div class=\"elementor-element elementor-element-4bf3fd97 elementor-widget elementor-widget-heading\" data-id=\"4bf3fd97\" data-element_type=\"widget\" data-e-type=\"widget\" data-widget_type=\"heading.default\">\n\t\t\t\t<div class=\"elementor-widget-container\">\n\t\t\t\t\t<h2 class=\"elementor-heading-title elementor-size-default\">La calidad del producto es nuestro valor principal<\/h2>\t\t\t\t<\/div>\n\t\t\t\t<\/div>\n\t\t\t\t<div class=\"elementor-element elementor-element-7667c938 elementor-widget elementor-widget-text-editor\" data-id=\"7667c938\" data-element_type=\"widget\" data-e-type=\"widget\" data-widget_type=\"text-editor.default\">\n\t\t\t\t<div class=\"elementor-widget-container\">\n\t\t\t\t\t\t\t\t\t<p>La fabricaci\u00f3n de calidad no tiene por qu\u00e9 significar costos m\u00e1s altos; de hecho, a menudo significa menores costos de retiro y garant\u00eda a medida que se arraiga una cultura de calidad.<\/p><p>En Maxclean, nos tomamos muy en serio la garant\u00eda y el control de calidad. Como proveedor de larga data de productos consumibles para salas limpias, Maxclean implementa estrictamente las especificaciones y los requisitos del proceso de control de calidad y control de calidad. Contamos con a\u00f1os de trayectoria comprobada ayudando a las empresas de marcas a dise\u00f1ar, desarrollar, fabricar y lanzar sus productos exclusivos en los mercados nacionales e internacionales. Estamos aqu\u00ed para ayudarlo a obtener y mantener una fabricaci\u00f3n excelente y productos valiosos.<\/p>\t\t\t\t\t\t\t\t<\/div>\n\t\t\t\t<\/div>\n\t\t\t\t\t<\/div>\n\t\t<\/div>\n\t\t\t\t\t<\/div>\n\t\t<\/section>\n\t\t\t\t<section data-particle_enable=\"false\" data-particle-mobile-disabled=\"false\" class=\"elementor-section elementor-top-section elementor-element elementor-element-15c1059 elementor-reverse-mobile elementor-section-boxed elementor-section-height-default elementor-section-height-default\" data-id=\"15c1059\" data-element_type=\"section\" data-e-type=\"section\">\n\t\t\t\t\t\t<div class=\"elementor-container elementor-column-gap-custom\">\n\t\t\t\t\t<div class=\"elementor-column elementor-col-50 elementor-top-column elementor-element elementor-element-22e6bf6b\" data-id=\"22e6bf6b\" data-element_type=\"column\" data-e-type=\"column\">\n\t\t\t<div class=\"elementor-widget-wrap elementor-element-populated\">\n\t\t\t\t\t\t<div class=\"elementor-element elementor-element-17c7866 elementor-widget elementor-widget-heading\" data-id=\"17c7866\" data-element_type=\"widget\" data-e-type=\"widget\" data-widget_type=\"heading.default\">\n\t\t\t\t<div class=\"elementor-widget-container\">\n\t\t\t\t\t<h6 class=\"elementor-heading-title elementor-size-default\">Gesti\u00f3n y equipos avanzados<\/h6>\t\t\t\t<\/div>\n\t\t\t\t<\/div>\n\t\t\t\t<div class=\"elementor-element elementor-element-4f09464d elementor-widget elementor-widget-heading\" data-id=\"4f09464d\" data-element_type=\"widget\" data-e-type=\"widget\" data-widget_type=\"heading.default\">\n\t\t\t\t<div class=\"elementor-widget-container\">\n\t\t\t\t\t<h2 class=\"elementor-heading-title elementor-size-default\">Las l\u00edneas de producci\u00f3n ajustadas son esenciales para una alta productividad<\/h2>\t\t\t\t<\/div>\n\t\t\t\t<\/div>\n\t\t\t\t<div class=\"elementor-element elementor-element-11c0dbba elementor-widget elementor-widget-text-editor\" data-id=\"11c0dbba\" data-element_type=\"widget\" data-e-type=\"widget\" data-widget_type=\"text-editor.default\">\n\t\t\t\t<div class=\"elementor-widget-container\">\n\t\t\t\t\t\t\t\t\t<p>Somos un gran proveedor con una l\u00ednea de producci\u00f3n integral de toallitas de poli\u00e9ster est\u00e9riles\/no est\u00e9riles, toallitas de microfibra, toallitas no tejidas, toallitas en rollo, diferentes tipos de mascarillas, toallitas en rollo SMT, tapete pegajoso (rollo), bolsas de PE, hisopo, mob gorra, prendas y servicios de lavander\u00eda.<\/p><p>La capacidad anual de la f\u00e1brica Maxclean alcanza 400Mpcs toallitas, 300Mpcs mascarillas, 20M pcs tapetes (rodillo), 300M pcs bolsas para sala limpia y 500Mpcs hisopos. La alta calidad y la alta productividad no son posibles sin l\u00edneas de producci\u00f3n ajustadas. Nuestras f\u00e1bricas utilizan equipos avanzados y una gesti\u00f3n moderna para garantizar que la eficiencia y la calidad de nuestra producci\u00f3n satisfagan la demanda. No solo eso, Maxclean est\u00e1 investigando y desarrollando activamente l\u00edneas de producci\u00f3n m\u00e1s eficientes.<\/p>\t\t\t\t\t\t\t\t<\/div>\n\t\t\t\t<\/div>\n\t\t\t\t\t<\/div>\n\t\t<\/div>\n\t\t\t\t<div class=\"elementor-column elementor-col-50 elementor-top-column elementor-element elementor-element-2865ba64\" data-id=\"2865ba64\" data-element_type=\"column\" data-e-type=\"column\">\n\t\t\t<div class=\"elementor-widget-wrap elementor-element-populated\">\n\t\t\t\t\t\t<div class=\"elementor-element elementor-element-66255d4a elementor-widget elementor-widget-image\" data-id=\"66255d4a\" data-element_type=\"widget\" data-e-type=\"widget\" data-widget_type=\"image.default\">\n\t\t\t\t<div class=\"elementor-widget-container\">\n\t\t\t\t\t\t\t\t\t\t\t\t\t\t\t<img loading=\"lazy\" decoding=\"async\" width=\"666\" height=\"500\" src=\"https:\/\/maxclean.com\/wp-content\/uploads\/2022\/03\/maxclean-3.jpg\" class=\"attachment-large size-large wp-image-1049\" alt=\"\" srcset=\"https:\/\/maxclean.com\/wp-content\/uploads\/2022\/03\/maxclean-3.jpg 666w, https:\/\/maxclean.com\/wp-content\/uploads\/2022\/03\/maxclean-3-300x225.jpg 300w\" sizes=\"(max-width: 666px) 100vw, 666px\" \/>\t\t\t\t\t\t\t\t\t\t\t\t\t\t\t<\/div>\n\t\t\t\t<\/div>\n\t\t\t\t\t<\/div>\n\t\t<\/div>\n\t\t\t\t\t<\/div>\n\t\t<\/section>\n\t\t\t\t<section data-particle_enable=\"false\" data-particle-mobile-disabled=\"false\" class=\"elementor-section elementor-top-section elementor-element elementor-element-7c679814 elementor-section-boxed elementor-section-height-default elementor-section-height-default\" data-id=\"7c679814\" data-element_type=\"section\" data-e-type=\"section\">\n\t\t\t\t\t\t<div class=\"elementor-container elementor-column-gap-custom\">\n\t\t\t\t\t<div class=\"elementor-column elementor-col-50 elementor-top-column elementor-element elementor-element-135c199b\" data-id=\"135c199b\" data-element_type=\"column\" data-e-type=\"column\">\n\t\t\t<div class=\"elementor-widget-wrap elementor-element-populated\">\n\t\t\t\t\t\t<div class=\"elementor-element elementor-element-5dc30be0 elementor-widget elementor-widget-image\" data-id=\"5dc30be0\" data-element_type=\"widget\" data-e-type=\"widget\" data-widget_type=\"image.default\">\n\t\t\t\t<div class=\"elementor-widget-container\">\n\t\t\t\t\t\t\t\t\t\t\t\t\t\t\t<img loading=\"lazy\" decoding=\"async\" width=\"666\" height=\"500\" src=\"https:\/\/maxclean.com\/wp-content\/uploads\/2022\/03\/maxclean-2.jpg\" class=\"attachment-large size-large wp-image-1048\" alt=\"\" srcset=\"https:\/\/maxclean.com\/wp-content\/uploads\/2022\/03\/maxclean-2.jpg 666w, https:\/\/maxclean.com\/wp-content\/uploads\/2022\/03\/maxclean-2-300x225.jpg 300w\" sizes=\"(max-width: 666px) 100vw, 666px\" \/>\t\t\t\t\t\t\t\t\t\t\t\t\t\t\t<\/div>\n\t\t\t\t<\/div>\n\t\t\t\t\t<\/div>\n\t\t<\/div>\n\t\t\t\t<div class=\"elementor-column elementor-col-50 elementor-top-column elementor-element elementor-element-7682dbee\" data-id=\"7682dbee\" data-element_type=\"column\" data-e-type=\"column\">\n\t\t\t<div class=\"elementor-widget-wrap elementor-element-populated\">\n\t\t\t\t\t\t<div class=\"elementor-element elementor-element-6aa8d47 elementor-widget elementor-widget-heading\" data-id=\"6aa8d47\" data-element_type=\"widget\" data-e-type=\"widget\" data-widget_type=\"heading.default\">\n\t\t\t\t<div class=\"elementor-widget-container\">\n\t\t\t\t\t<h6 class=\"elementor-heading-title elementor-size-default\">Felicidad de los empleados<\/h6>\t\t\t\t<\/div>\n\t\t\t\t<\/div>\n\t\t\t\t<div class=\"elementor-element elementor-element-57a144e elementor-widget elementor-widget-heading\" data-id=\"57a144e\" data-element_type=\"widget\" data-e-type=\"widget\" data-widget_type=\"heading.default\">\n\t\t\t\t<div class=\"elementor-widget-container\">\n\t\t\t\t\t<h2 class=\"elementor-heading-title elementor-size-default\">la satisfacci\u00f3n de los empleados ayuda a la eficacia corporativa<\/h2>\t\t\t\t<\/div>\n\t\t\t\t<\/div>\n\t\t\t\t<div class=\"elementor-element elementor-element-6b05a370 elementor-widget elementor-widget-text-editor\" data-id=\"6b05a370\" data-element_type=\"widget\" data-e-type=\"widget\" data-widget_type=\"text-editor.default\">\n\t\t\t\t<div class=\"elementor-widget-container\">\n\t\t\t\t\t\t\t\t\t<div class=\"wpb_text_column\"><p>Como empleador \u00e9tico y responsable de productos consumibles para salas limpias, tenemos muchas oportunidades para mejorar la vida de nuestros empleados. Brindar oportunidades de empleo es solo el primer paso; nuestros empleados tambi\u00e9n necesitan un espacio de trabajo y descansos adecuados, materiales seguros y no peligrosos, y un ambiente de trabajo c\u00f3modo. Queremos que nuestros empleados sean felices trabajando y viviendo en nuestras f\u00e1bricas. Para ello, Maxclean pone a disposici\u00f3n de sus empleados:<\/p><ul><li>Amplia zona verde y ba\u00f1os en la f\u00e1brica.<\/li><li>Materiales de producci\u00f3n y ropa de trabajo seguros e inocuos<\/li><li>Formaci\u00f3n continua para ayudar a los empleados a mejorar sus habilidades.<\/li><li>Eventos regulares de los empleados para dar a los empleados un sentido de pertenencia.<\/li><\/ul><\/div>\t\t\t\t\t\t\t\t<\/div>\n\t\t\t\t<\/div>\n\t\t\t\t\t<\/div>\n\t\t<\/div>\n\t\t\t\t\t<\/div>\n\t\t<\/section>\n\t\t\t\t<\/div>","protected":false},"excerpt":{"rendered":"<p>Our Factory Leading Qualified Cleanroom Supplies Factory As a professional manufacturer, our cleanroom consumable products factory has been established for more than 30 years. Maxclean has a complete production system of R&amp;D, material procurement, production, inspection, packaging and export.With skilled and experienced workers, strict quality control system, excellent management team and work team, and pay [&hellip;]<\/p>\n","protected":false},"author":1,"featured_media":0,"parent":0,"menu_order":0,"comment_status":"closed","ping_status":"closed","template":"","meta":{"footnotes":""},"class_list":["post-311","page","type-page","status-publish","hentry"],"blocksy_meta":{"styles_descriptor":{"styles":{"desktop":"","tablet":"","mobile":""},"google_fonts":[],"version":6}},"_links":{"self":[{"href":"https:\/\/maxclean.com\/es\/wp-json\/wp\/v2\/pages\/311","targetHints":{"allow":["GET"]}}],"collection":[{"href":"https:\/\/maxclean.com\/es\/wp-json\/wp\/v2\/pages"}],"about":[{"href":"https:\/\/maxclean.com\/es\/wp-json\/wp\/v2\/types\/page"}],"author":[{"embeddable":true,"href":"https:\/\/maxclean.com\/es\/wp-json\/wp\/v2\/users\/1"}],"replies":[{"embeddable":true,"href":"https:\/\/maxclean.com\/es\/wp-json\/wp\/v2\/comments?post=311"}],"version-history":[{"count":25,"href":"https:\/\/maxclean.com\/es\/wp-json\/wp\/v2\/pages\/311\/revisions"}],"predecessor-version":[{"id":1740,"href":"https:\/\/maxclean.com\/es\/wp-json\/wp\/v2\/pages\/311\/revisions\/1740"}],"wp:attachment":[{"href":"https:\/\/maxclean.com\/es\/wp-json\/wp\/v2\/media?parent=311"}],"curies":[{"name":"wp","href":"https:\/\/api.w.org\/{rel}","templated":true}]}}