{"id":354,"date":"2022-03-09T10:43:09","date_gmt":"2022-03-09T02:43:09","guid":{"rendered":"https:\/\/maxclean.com\/?page_id=354"},"modified":"2022-03-09T14:56:44","modified_gmt":"2022-03-09T06:56:44","slug":"wholesale-solution","status":"publish","type":"page","link":"https:\/\/maxclean.com\/de\/wholesale-solution\/","title":{"rendered":"Gro\u00dfhandelsl\u00f6sung"},"content":{"rendered":"<div data-elementor-type=\"wp-page\" data-elementor-id=\"354\" class=\"elementor elementor-354\" data-elementor-post-type=\"page\">\n\t\t\t\t\t\t<section data-particle_enable=\"false\" data-particle-mobile-disabled=\"false\" class=\"elementor-section elementor-top-section elementor-element elementor-element-33f8390 ct-section-stretched elementor-section-height-min-height elementor-section-boxed elementor-section-height-default elementor-section-items-middle\" data-id=\"33f8390\" data-element_type=\"section\" data-e-type=\"section\" data-settings=\"{&quot;background_background&quot;:&quot;classic&quot;}\">\n\t\t\t\t\t\t\t<div class=\"elementor-background-overlay\"><\/div>\n\t\t\t\t\t\t\t<div class=\"elementor-container elementor-column-gap-default\">\n\t\t\t\t\t<div class=\"elementor-column elementor-col-100 elementor-top-column elementor-element elementor-element-4ea01d8\" data-id=\"4ea01d8\" data-element_type=\"column\" data-e-type=\"column\">\n\t\t\t<div class=\"elementor-widget-wrap elementor-element-populated\">\n\t\t\t\t\t\t<div class=\"elementor-element elementor-element-34832a9 elementor-widget elementor-widget-heading\" data-id=\"34832a9\" data-element_type=\"widget\" data-e-type=\"widget\" data-widget_type=\"heading.default\">\n\t\t\t\t<div class=\"elementor-widget-container\">\n\t\t\t\t\t<h1 class=\"elementor-heading-title elementor-size-default\">\nGro\u00dfhandelsl\u00f6sung<\/h1>\t\t\t\t<\/div>\n\t\t\t\t<\/div>\n\t\t\t\t\t<\/div>\n\t\t<\/div>\n\t\t\t\t\t<\/div>\n\t\t<\/section>\n\t\t\t\t<section data-particle_enable=\"false\" data-particle-mobile-disabled=\"false\" class=\"elementor-section elementor-top-section elementor-element elementor-element-489a6671 elementor-section-boxed elementor-section-height-default elementor-section-height-default\" data-id=\"489a6671\" data-element_type=\"section\" data-e-type=\"section\">\n\t\t\t\t\t\t<div class=\"elementor-container elementor-column-gap-custom\">\n\t\t\t\t\t<div class=\"elementor-column elementor-col-50 elementor-top-column elementor-element elementor-element-194b8e34\" data-id=\"194b8e34\" data-element_type=\"column\" data-e-type=\"column\">\n\t\t\t<div class=\"elementor-widget-wrap elementor-element-populated\">\n\t\t\t\t\t\t<div class=\"elementor-element elementor-element-64988d3d elementor-widget elementor-widget-heading\" data-id=\"64988d3d\" data-element_type=\"widget\" data-e-type=\"widget\" data-widget_type=\"heading.default\">\n\t\t\t\t<div class=\"elementor-widget-container\">\n\t\t\t\t\t<h2 class=\"elementor-heading-title elementor-size-default\">Effektiv und produktiv<\/h2>\t\t\t\t<\/div>\n\t\t\t\t<\/div>\n\t\t\t\t<div class=\"elementor-element elementor-element-63f5581b elementor-widget elementor-widget-text-editor\" data-id=\"63f5581b\" data-element_type=\"widget\" data-e-type=\"widget\" data-widget_type=\"text-editor.default\">\n\t\t\t\t<div class=\"elementor-widget-container\">\n\t\t\t\t\t\t\t\t\t<p>Maxclean versteht die Grundlagen des Gro\u00dfhandels, die damit verbundene Erfolgskontinuit\u00e4t und Erschwinglichkeit. Wir bieten mehrere Rabatte auf Gro\u00dfbestellungen von Reinraum-Verbrauchsmaterialien bei Maxclean. Unsere Produkte sind in der Qualit\u00e4t vollkommen korrekt und wir garantieren die rechtzeitige Lieferung unserer Produkte. Dar\u00fcber hinaus wird das Angebot f\u00fcr Ihr Unternehmen passend erstellt.<\/p><p>Wir glauben, dass das Produkt selbst mehr als nur Worte sagt, daher stellt Maxclean kostenloses Reinraumzubeh\u00f6r zur Verf\u00fcgung, damit Sie die Qualit\u00e4t der Maxclean-Produkte erleben k\u00f6nnen. Kontaktieren Sie uns noch heute, um ein Musterpaket f\u00fcr Premium-Reinraum-Verbrauchsmaterialien zu erhalten.<\/p>\t\t\t\t\t\t\t\t<\/div>\n\t\t\t\t<\/div>\n\t\t\t\t\t<\/div>\n\t\t<\/div>\n\t\t\t\t<div class=\"elementor-column elementor-col-50 elementor-top-column elementor-element elementor-element-18172efb\" data-id=\"18172efb\" data-element_type=\"column\" data-e-type=\"column\" data-settings=\"{&quot;background_background&quot;:&quot;gradient&quot;}\">\n\t\t\t<div class=\"elementor-widget-wrap elementor-element-populated\">\n\t\t\t\t\t\t<div class=\"elementor-element elementor-element-57ac7902 elementor-widget elementor-widget-image\" data-id=\"57ac7902\" data-element_type=\"widget\" data-e-type=\"widget\" data-widget_type=\"image.default\">\n\t\t\t\t<div class=\"elementor-widget-container\">\n\t\t\t\t\t\t\t\t\t\t\t\t\t\t\t<img fetchpriority=\"high\" decoding=\"async\" width=\"750\" height=\"500\" src=\"https:\/\/maxclean.com\/wp-content\/uploads\/2022\/03\/7e16b631-380c-4446-b50e-9f839724ffb6.jpg\" class=\"attachment-medium_large size-medium_large wp-image-407\" alt=\"\" srcset=\"https:\/\/maxclean.com\/wp-content\/uploads\/2022\/03\/7e16b631-380c-4446-b50e-9f839724ffb6.jpg 750w, https:\/\/maxclean.com\/wp-content\/uploads\/2022\/03\/7e16b631-380c-4446-b50e-9f839724ffb6-300x200.jpg 300w\" sizes=\"(max-width: 750px) 100vw, 750px\" \/>\t\t\t\t\t\t\t\t\t\t\t\t\t\t\t<\/div>\n\t\t\t\t<\/div>\n\t\t\t\t\t<\/div>\n\t\t<\/div>\n\t\t\t\t\t<\/div>\n\t\t<\/section>\n\t\t\t\t<section data-particle_enable=\"false\" data-particle-mobile-disabled=\"false\" class=\"elementor-section elementor-top-section elementor-element elementor-element-39cf6792 elementor-reverse-mobile elementor-section-boxed elementor-section-height-default elementor-section-height-default\" data-id=\"39cf6792\" data-element_type=\"section\" data-e-type=\"section\">\n\t\t\t\t\t\t<div class=\"elementor-container elementor-column-gap-custom\">\n\t\t\t\t\t<div class=\"elementor-column elementor-col-50 elementor-top-column elementor-element elementor-element-458b7c50\" data-id=\"458b7c50\" data-element_type=\"column\" data-e-type=\"column\" data-settings=\"{&quot;background_background&quot;:&quot;gradient&quot;}\">\n\t\t\t<div class=\"elementor-widget-wrap elementor-element-populated\">\n\t\t\t\t\t\t<div class=\"elementor-element elementor-element-4b157d1 elementor-widget elementor-widget-image\" data-id=\"4b157d1\" data-element_type=\"widget\" data-e-type=\"widget\" data-widget_type=\"image.default\">\n\t\t\t\t<div class=\"elementor-widget-container\">\n\t\t\t\t\t\t\t\t\t\t\t\t\t\t\t<img decoding=\"async\" width=\"750\" height=\"499\" src=\"https:\/\/maxclean.com\/wp-content\/uploads\/2022\/03\/b676dea02ae1517ad04ef9ad5fb629d.png\" class=\"attachment-medium_large size-medium_large wp-image-409\" alt=\"\" srcset=\"https:\/\/maxclean.com\/wp-content\/uploads\/2022\/03\/b676dea02ae1517ad04ef9ad5fb629d.png 750w, https:\/\/maxclean.com\/wp-content\/uploads\/2022\/03\/b676dea02ae1517ad04ef9ad5fb629d-300x200.png 300w\" sizes=\"(max-width: 750px) 100vw, 750px\" \/>\t\t\t\t\t\t\t\t\t\t\t\t\t\t\t<\/div>\n\t\t\t\t<\/div>\n\t\t\t\t\t<\/div>\n\t\t<\/div>\n\t\t\t\t<div class=\"elementor-column elementor-col-50 elementor-top-column elementor-element elementor-element-577f0ca8\" data-id=\"577f0ca8\" data-element_type=\"column\" data-e-type=\"column\">\n\t\t\t<div class=\"elementor-widget-wrap elementor-element-populated\">\n\t\t\t\t\t\t<div class=\"elementor-element elementor-element-28921d17 elementor-widget elementor-widget-heading\" data-id=\"28921d17\" data-element_type=\"widget\" data-e-type=\"widget\" data-widget_type=\"heading.default\">\n\t\t\t\t<div class=\"elementor-widget-container\">\n\t\t\t\t\t<h2 class=\"elementor-heading-title elementor-size-default\">Niedrigere Preise, besseres Produkt\n<\/h2>\t\t\t\t<\/div>\n\t\t\t\t<\/div>\n\t\t\t\t<div class=\"elementor-element elementor-element-56b411bd elementor-widget elementor-widget-text-editor\" data-id=\"56b411bd\" data-element_type=\"widget\" data-e-type=\"widget\" data-widget_type=\"text-editor.default\">\n\t\t\t\t<div class=\"elementor-widget-container\">\n\t\t\t\t\t\t\t\t\t<p>Maxclean bietet nicht nur Verbrauchsprodukte f\u00fcr Reinr\u00e4ume in einem erschwinglichen Sortiment, sondern ist auch bestrebt, Ihre L\u00f6sung f\u00fcr die Lieferkette zu sein. Wir bieten Reinrauml\u00f6sungen auf Knopfdruck. Die Gro\u00dfhandelspreise sind bei guter Qualit\u00e4t ausschlie\u00dflich niedrig. Da wir ein gro\u00dfer, starker Anbieter von Reinraumzubeh\u00f6r sind, kann Maxclean Ihnen die niedrigsten Preise der Branche anbieten. Klingt zu gut um wahr zu sein? Arbeiten Sie mit uns zusammen und erhalten Sie kostenlose Muster, um es selbst herauszufinden.<\/p><p>Maxclean kontrolliert auch die Versandkosten, um Ihren finanziellen Bed\u00fcrfnissen gerecht zu werden. Maxclen kann alles liefern, was Sie im Gesch\u00e4ft ben\u00f6tigen, denn unsere Spezialit\u00e4t konzentriert sich nicht nur auf die Herstellung und Entwicklung von Reinraumzubeh\u00f6r; Stattdessen streben wir danach, eine Lieferkettenmanagementl\u00f6sung f\u00fcr Reinraum-Verbrauchsmaterialien aus einer Hand bereitzustellen.<\/p>\t\t\t\t\t\t\t\t<\/div>\n\t\t\t\t<\/div>\n\t\t\t\t\t<\/div>\n\t\t<\/div>\n\t\t\t\t\t<\/div>\n\t\t<\/section>\n\t\t\t\t<section data-particle_enable=\"false\" data-particle-mobile-disabled=\"false\" class=\"elementor-section elementor-top-section elementor-element elementor-element-7339ef6a elementor-section-boxed elementor-section-height-default elementor-section-height-default\" data-id=\"7339ef6a\" data-element_type=\"section\" data-e-type=\"section\">\n\t\t\t\t\t\t<div class=\"elementor-container elementor-column-gap-custom\">\n\t\t\t\t\t<div class=\"elementor-column elementor-col-50 elementor-top-column elementor-element elementor-element-72be57d2\" data-id=\"72be57d2\" data-element_type=\"column\" data-e-type=\"column\">\n\t\t\t<div class=\"elementor-widget-wrap elementor-element-populated\">\n\t\t\t\t\t\t<div class=\"elementor-element elementor-element-73a7c162 elementor-widget elementor-widget-heading\" data-id=\"73a7c162\" data-element_type=\"widget\" data-e-type=\"widget\" data-widget_type=\"heading.default\">\n\t\t\t\t<div class=\"elementor-widget-container\">\n\t\t\t\t\t<h2 class=\"elementor-heading-title elementor-size-default\">Massenband, Gro\u00dfhandelspreis<\/h2>\t\t\t\t<\/div>\n\t\t\t\t<\/div>\n\t\t\t\t<div class=\"elementor-element elementor-element-270549ad elementor-widget elementor-widget-text-editor\" data-id=\"270549ad\" data-element_type=\"widget\" data-e-type=\"widget\" data-widget_type=\"text-editor.default\">\n\t\t\t\t<div class=\"elementor-widget-container\">\n\t\t\t\t\t\t\t\t\t<p>Maxclean versteht, dass die Bestellung von Produkten in gro\u00dfen Mengen mit hohen Versandkosten f\u00fcr den Besteller etwas zu hektisch sein kann. Um unseren Kunden den freundlichen Service zu bieten, zu dem wir uns bem\u00fchen, bietet Maxclean das beste Preis-Leistungs-Verh\u00e4ltnis im Gro\u00dfhandel f\u00fcr Reinraumprodukte, was auf dem heutigen Markt und in der heutigen \u00c4ra eine enorme Kosten- und Budgetersparnis darstellt.<\/p><p>Maxclean liefert Ihnen immer Produkte von bester Qualit\u00e4t. Wir bieten g\u00fcnstige Versandpreise, eine hochwertige Lieferkette f\u00fcr Gro\u00dfhandelsprodukte und einen OEM-Service, sodass Sie sich auf die Erweiterung Ihres Gesch\u00e4fts konzentrieren k\u00f6nnen.<\/p>\t\t\t\t\t\t\t\t<\/div>\n\t\t\t\t<\/div>\n\t\t\t\t\t<\/div>\n\t\t<\/div>\n\t\t\t\t<div class=\"elementor-column elementor-col-50 elementor-top-column elementor-element elementor-element-13c291d9\" data-id=\"13c291d9\" data-element_type=\"column\" data-e-type=\"column\" data-settings=\"{&quot;background_background&quot;:&quot;gradient&quot;}\">\n\t\t\t<div class=\"elementor-widget-wrap elementor-element-populated\">\n\t\t\t\t\t\t<div class=\"elementor-element elementor-element-84da61f elementor-widget elementor-widget-image\" data-id=\"84da61f\" data-element_type=\"widget\" data-e-type=\"widget\" data-widget_type=\"image.default\">\n\t\t\t\t<div class=\"elementor-widget-container\">\n\t\t\t\t\t\t\t\t\t\t\t\t\t\t\t<img decoding=\"async\" width=\"750\" height=\"500\" src=\"https:\/\/maxclean.com\/wp-content\/uploads\/2022\/03\/8180de52-2e54-4682-9115-29f357213317.jpg\" class=\"attachment-medium_large size-medium_large wp-image-408\" alt=\"\" srcset=\"https:\/\/maxclean.com\/wp-content\/uploads\/2022\/03\/8180de52-2e54-4682-9115-29f357213317.jpg 750w, https:\/\/maxclean.com\/wp-content\/uploads\/2022\/03\/8180de52-2e54-4682-9115-29f357213317-300x200.jpg 300w\" sizes=\"(max-width: 750px) 100vw, 750px\" \/>\t\t\t\t\t\t\t\t\t\t\t\t\t\t\t<\/div>\n\t\t\t\t<\/div>\n\t\t\t\t\t<\/div>\n\t\t<\/div>\n\t\t\t\t\t<\/div>\n\t\t<\/section>\n\t\t\t\t<section data-particle_enable=\"false\" data-particle-mobile-disabled=\"false\" class=\"elementor-section elementor-top-section elementor-element elementor-element-2dcbf52d elementor-reverse-mobile elementor-section-boxed elementor-section-height-default elementor-section-height-default\" data-id=\"2dcbf52d\" data-element_type=\"section\" data-e-type=\"section\">\n\t\t\t\t\t\t<div class=\"elementor-container elementor-column-gap-custom\">\n\t\t\t\t\t<div class=\"elementor-column elementor-col-50 elementor-top-column elementor-element elementor-element-2322ce38\" data-id=\"2322ce38\" data-element_type=\"column\" data-e-type=\"column\" data-settings=\"{&quot;background_background&quot;:&quot;gradient&quot;}\">\n\t\t\t<div class=\"elementor-widget-wrap elementor-element-populated\">\n\t\t\t\t\t\t<div class=\"elementor-element elementor-element-55b6ca6f elementor-widget elementor-widget-image\" data-id=\"55b6ca6f\" data-element_type=\"widget\" data-e-type=\"widget\" data-widget_type=\"image.default\">\n\t\t\t\t<div class=\"elementor-widget-container\">\n\t\t\t\t\t\t\t\t\t\t\t\t\t\t\t<img loading=\"lazy\" decoding=\"async\" width=\"750\" height=\"499\" src=\"https:\/\/maxclean.com\/wp-content\/uploads\/2022\/03\/female-research-scientist-putting-test.jpg\" class=\"attachment-medium_large size-medium_large wp-image-406\" alt=\"\" srcset=\"https:\/\/maxclean.com\/wp-content\/uploads\/2022\/03\/female-research-scientist-putting-test.jpg 750w, https:\/\/maxclean.com\/wp-content\/uploads\/2022\/03\/female-research-scientist-putting-test-300x200.jpg 300w\" sizes=\"(max-width: 750px) 100vw, 750px\" \/>\t\t\t\t\t\t\t\t\t\t\t\t\t\t\t<\/div>\n\t\t\t\t<\/div>\n\t\t\t\t\t<\/div>\n\t\t<\/div>\n\t\t\t\t<div class=\"elementor-column elementor-col-50 elementor-top-column elementor-element elementor-element-b926c61\" data-id=\"b926c61\" data-element_type=\"column\" data-e-type=\"column\">\n\t\t\t<div class=\"elementor-widget-wrap elementor-element-populated\">\n\t\t\t\t\t\t<div class=\"elementor-element elementor-element-62f77055 elementor-widget elementor-widget-heading\" data-id=\"62f77055\" data-element_type=\"widget\" data-e-type=\"widget\" data-widget_type=\"heading.default\">\n\t\t\t\t<div class=\"elementor-widget-container\">\n\t\t\t\t\t<h2 class=\"elementor-heading-title elementor-size-default\">Kostenlose Probe<\/h2>\t\t\t\t<\/div>\n\t\t\t\t<\/div>\n\t\t\t\t<div class=\"elementor-element elementor-element-61cbb38b elementor-widget elementor-widget-text-editor\" data-id=\"61cbb38b\" data-element_type=\"widget\" data-e-type=\"widget\" data-widget_type=\"text-editor.default\">\n\t\t\t\t<div class=\"elementor-widget-container\">\n\t\t\t\t\t\t\t\t\t<p>Maxclean glaubt, dass das Produkt selbst B\u00e4nde spricht und es nicht richtig ist, sich nur auf Worte zu verlassen. Maxclean verpflichtet keinen Kunden, ein Produkt zu kaufen, ohne eine kostenlose Probenahme in Anspruch zu nehmen! Die Muster haben die gleiche Qualit\u00e4t wie das Originalprodukt.<\/p><p>Sie k\u00f6nnen diese Muster ausprobieren, bevor Sie irgendwelche Kosten f\u00fcr unser Produkt ausgeben. Ob Sie ein alter Kunde oder ein neuer Kunde sind, Maxclean kann Muster f\u00fcr jedes Produkt anbieten, das Sie kaufen. Die Proben sind nur eine beispielhafte Geste unseres kundenfreundlichen Service. Wir wollen unsere Kunden nicht nur mit Worten, sondern mit Produkten \u00fcberzeugen.<\/p>\t\t\t\t\t\t\t\t<\/div>\n\t\t\t\t<\/div>\n\t\t\t\t<div class=\"elementor-element elementor-element-6a65dea2 elementor-align-left elementor-tablet-align-right elementor-mobile-align-left elementor-widget elementor-widget-button\" data-id=\"6a65dea2\" data-element_type=\"widget\" data-e-type=\"widget\" data-widget_type=\"button.default\">\n\t\t\t\t<div class=\"elementor-widget-container\">\n\t\t\t\t\t\t\t\t\t<div class=\"elementor-button-wrapper\">\n\t\t\t\t\t<a class=\"elementor-button elementor-button-link elementor-size-md\" href=\"#elementor-action%3Aaction%3Dpopup%3Aopen%26settings%3DeyJpZCI6IjI4NCIsInRvZ2dsZSI6ZmFsc2V9\">\n\t\t\t\t\t\t<span class=\"elementor-button-content-wrapper\">\n\t\t\t\t\t\t\t\t\t<span class=\"elementor-button-text\">Kostenlose Probe erhalten<\/span>\n\t\t\t\t\t<\/span>\n\t\t\t\t\t<\/a>\n\t\t\t\t<\/div>\n\t\t\t\t\t\t\t\t<\/div>\n\t\t\t\t<\/div>\n\t\t\t\t\t<\/div>\n\t\t<\/div>\n\t\t\t\t\t<\/div>\n\t\t<\/section>\n\t\t\t\t<\/div>","protected":false},"excerpt":{"rendered":"<p>Wholesale Solution Effective And Productive Maxclean understands the fundamentals of wholesale, the continuity of success and affordability associated with it. We offer several discounts on bulk cleanroom consumables orders at Maxclean. Our products are completely correct in quality, and we guarantee timely delivery of our products. What&#8217;s more, the quote is made suitable per your [&hellip;]<\/p>\n","protected":false},"author":1,"featured_media":0,"parent":0,"menu_order":0,"comment_status":"closed","ping_status":"closed","template":"","meta":{"footnotes":""},"class_list":["post-354","page","type-page","status-publish","hentry"],"blocksy_meta":{"styles_descriptor":{"styles":{"desktop":"","tablet":"","mobile":""},"google_fonts":[],"version":6}},"_links":{"self":[{"href":"https:\/\/maxclean.com\/de\/wp-json\/wp\/v2\/pages\/354","targetHints":{"allow":["GET"]}}],"collection":[{"href":"https:\/\/maxclean.com\/de\/wp-json\/wp\/v2\/pages"}],"about":[{"href":"https:\/\/maxclean.com\/de\/wp-json\/wp\/v2\/types\/page"}],"author":[{"embeddable":true,"href":"https:\/\/maxclean.com\/de\/wp-json\/wp\/v2\/users\/1"}],"replies":[{"embeddable":true,"href":"https:\/\/maxclean.com\/de\/wp-json\/wp\/v2\/comments?post=354"}],"version-history":[{"count":6,"href":"https:\/\/maxclean.com\/de\/wp-json\/wp\/v2\/pages\/354\/revisions"}],"predecessor-version":[{"id":412,"href":"https:\/\/maxclean.com\/de\/wp-json\/wp\/v2\/pages\/354\/revisions\/412"}],"wp:attachment":[{"href":"https:\/\/maxclean.com\/de\/wp-json\/wp\/v2\/media?parent=354"}],"curies":[{"name":"wp","href":"https:\/\/api.w.org\/{rel}","templated":true}]}}