{"id":311,"date":"2022-03-08T14:41:33","date_gmt":"2022-03-08T06:41:33","guid":{"rendered":"https:\/\/maxclean.com\/?page_id=311"},"modified":"2022-03-28T10:50:24","modified_gmt":"2022-03-28T02:50:24","slug":"our-factory","status":"publish","type":"page","link":"https:\/\/maxclean.com\/de\/our-factory\/","title":{"rendered":"Unsere Fabrik"},"content":{"rendered":"<div data-elementor-type=\"wp-page\" data-elementor-id=\"311\" class=\"elementor elementor-311\" data-elementor-post-type=\"page\">\n\t\t\t\t\t\t<section data-particle_enable=\"false\" data-particle-mobile-disabled=\"false\" class=\"elementor-section elementor-top-section elementor-element elementor-element-752f120 ct-section-stretched elementor-section-height-min-height elementor-section-boxed elementor-section-height-default elementor-section-items-middle\" data-id=\"752f120\" data-element_type=\"section\" data-e-type=\"section\" data-settings=\"{&quot;background_background&quot;:&quot;classic&quot;}\">\n\t\t\t\t\t\t\t<div class=\"elementor-background-overlay\"><\/div>\n\t\t\t\t\t\t\t<div class=\"elementor-container elementor-column-gap-default\">\n\t\t\t\t\t<div class=\"elementor-column elementor-col-100 elementor-top-column elementor-element elementor-element-a1873e7\" data-id=\"a1873e7\" data-element_type=\"column\" data-e-type=\"column\">\n\t\t\t<div class=\"elementor-widget-wrap elementor-element-populated\">\n\t\t\t\t\t\t<div class=\"elementor-element elementor-element-e4906a6 elementor-widget elementor-widget-heading\" data-id=\"e4906a6\" data-element_type=\"widget\" data-e-type=\"widget\" data-widget_type=\"heading.default\">\n\t\t\t\t<div class=\"elementor-widget-container\">\n\t\t\t\t\t<h1 class=\"elementor-heading-title elementor-size-default\">Unsere Fabrik<\/h1>\t\t\t\t<\/div>\n\t\t\t\t<\/div>\n\t\t\t\t\t<\/div>\n\t\t<\/div>\n\t\t\t\t\t<\/div>\n\t\t<\/section>\n\t\t\t\t<section data-particle_enable=\"false\" data-particle-mobile-disabled=\"false\" class=\"elementor-section elementor-top-section elementor-element elementor-element-24ccf8ec elementor-section-boxed elementor-section-height-default elementor-section-height-default\" data-id=\"24ccf8ec\" data-element_type=\"section\" data-e-type=\"section\">\n\t\t\t\t\t\t<div class=\"elementor-container elementor-column-gap-default\">\n\t\t\t\t\t<div class=\"elementor-column elementor-col-50 elementor-top-column elementor-element elementor-element-4a3148af\" data-id=\"4a3148af\" data-element_type=\"column\" data-e-type=\"column\" data-settings=\"{&quot;background_background&quot;:&quot;gradient&quot;}\">\n\t\t\t<div class=\"elementor-widget-wrap elementor-element-populated\">\n\t\t\t\t\t\t<div class=\"elementor-element elementor-element-5d91dc76 elementor-widget elementor-widget-image\" data-id=\"5d91dc76\" data-element_type=\"widget\" data-e-type=\"widget\" data-widget_type=\"image.default\">\n\t\t\t\t<div class=\"elementor-widget-container\">\n\t\t\t\t\t\t\t\t\t\t\t\t\t\t\t<img fetchpriority=\"high\" decoding=\"async\" width=\"700\" height=\"466\" src=\"https:\/\/maxclean.com\/wp-content\/uploads\/2022\/03\/Maxclean101.jpg\" class=\"attachment-medium_large size-medium_large wp-image-611\" alt=\"\" srcset=\"https:\/\/maxclean.com\/wp-content\/uploads\/2022\/03\/Maxclean101.jpg 700w, https:\/\/maxclean.com\/wp-content\/uploads\/2022\/03\/Maxclean101-300x200.jpg 300w\" sizes=\"(max-width: 700px) 100vw, 700px\" \/>\t\t\t\t\t\t\t\t\t\t\t\t\t\t\t<\/div>\n\t\t\t\t<\/div>\n\t\t\t\t\t<\/div>\n\t\t<\/div>\n\t\t\t\t<div class=\"elementor-column elementor-col-50 elementor-top-column elementor-element elementor-element-5e98a847\" data-id=\"5e98a847\" data-element_type=\"column\" data-e-type=\"column\">\n\t\t\t<div class=\"elementor-widget-wrap elementor-element-populated\">\n\t\t\t\t\t\t<div class=\"elementor-element elementor-element-265aea08 elementor-widget elementor-widget-heading\" data-id=\"265aea08\" data-element_type=\"widget\" data-e-type=\"widget\" data-widget_type=\"heading.default\">\n\t\t\t\t<div class=\"elementor-widget-container\">\n\t\t\t\t\t<h2 class=\"elementor-heading-title elementor-size-default\">F\u00fchrende Fabrik f\u00fcr qualifiziertes Reinraumzubeh\u00f6r<\/h2>\t\t\t\t<\/div>\n\t\t\t\t<\/div>\n\t\t\t\t<div class=\"elementor-element elementor-element-50d6d01e elementor-widget elementor-widget-text-editor\" data-id=\"50d6d01e\" data-element_type=\"widget\" data-e-type=\"widget\" data-widget_type=\"text-editor.default\">\n\t\t\t\t<div class=\"elementor-widget-container\">\n\t\t\t\t\t\t\t\t\t<p>Als professioneller Hersteller ist unsere Fabrik f\u00fcr Reinraum-Verbrauchsprodukte seit mehr als 30 Jahren etabliert. Maxclean verf\u00fcgt \u00fcber ein komplettes Produktionssystem f\u00fcr Forschung und Entwicklung, Materialbeschaffung, Produktion, Inspektion, Verpackung und Export.<br \/>Mit qualifizierten und erfahrenen Mitarbeitern, einem strengen Qualit\u00e4tskontrollsystem, einem hervorragenden Managementteam und einem Arbeitsteam sowie einer genauen Aufmerksamkeit f\u00fcr den Markt der Reinraum-Verbrauchsprodukte stellt dies sicher, dass Maxclean-Produkte den internationalen Standards entsprechen.<\/p>\t\t\t\t\t\t\t\t<\/div>\n\t\t\t\t<\/div>\n\t\t\t\t<div class=\"elementor-element elementor-element-3850ebd elementor-align-left elementor-tablet-align-right elementor-mobile-align-center elementor-widget__width-auto elementor-widget elementor-widget-button\" data-id=\"3850ebd\" data-element_type=\"widget\" data-e-type=\"widget\" data-widget_type=\"button.default\">\n\t\t\t\t<div class=\"elementor-widget-container\">\n\t\t\t\t\t\t\t\t\t<div class=\"elementor-button-wrapper\">\n\t\t\t\t\t<a class=\"elementor-button elementor-button-link elementor-size-md\" href=\"#elementor-action%3Aaction%3Dpopup%3Aopen%26settings%3DeyJpZCI6IjI4NCIsInRvZ2dsZSI6ZmFsc2V9\">\n\t\t\t\t\t\t<span class=\"elementor-button-content-wrapper\">\n\t\t\t\t\t\t\t\t\t<span class=\"elementor-button-text\">Kontaktiere uns<\/span>\n\t\t\t\t\t<\/span>\n\t\t\t\t\t<\/a>\n\t\t\t\t<\/div>\n\t\t\t\t\t\t\t\t<\/div>\n\t\t\t\t<\/div>\n\t\t\t\t\t<\/div>\n\t\t<\/div>\n\t\t\t\t\t<\/div>\n\t\t<\/section>\n\t\t\t\t<section data-particle_enable=\"false\" data-particle-mobile-disabled=\"false\" class=\"elementor-section elementor-top-section elementor-element elementor-element-1c7e8546 ct-section-stretched elementor-section-full_width elementor-section-height-default elementor-section-height-default\" data-id=\"1c7e8546\" data-element_type=\"section\" data-e-type=\"section\">\n\t\t\t\t\t\t<div class=\"elementor-container elementor-column-gap-default\">\n\t\t\t\t\t<div class=\"elementor-column elementor-col-100 elementor-top-column elementor-element elementor-element-1f37d524\" data-id=\"1f37d524\" data-element_type=\"column\" data-e-type=\"column\">\n\t\t\t<div class=\"elementor-widget-wrap elementor-element-populated\">\n\t\t\t\t\t\t<div class=\"elementor-element elementor-element-2562e1ba elementor-widget elementor-widget-heading\" data-id=\"2562e1ba\" data-element_type=\"widget\" data-e-type=\"widget\" data-widget_type=\"heading.default\">\n\t\t\t\t<div class=\"elementor-widget-container\">\n\t\t\t\t\t<h2 class=\"elementor-heading-title elementor-size-default\">Unsere Firma<\/h2>\t\t\t\t<\/div>\n\t\t\t\t<\/div>\n\t\t\t\t<div class=\"elementor-element elementor-element-bd438c1 gallery-spacing-custom elementor-widget elementor-widget-image-gallery\" data-id=\"bd438c1\" data-element_type=\"widget\" data-e-type=\"widget\" data-widget_type=\"image-gallery.default\">\n\t\t\t\t<div class=\"elementor-widget-container\">\n\t\t\t\t\t\t\t<div class=\"elementor-image-gallery\">\n\t\t\t<div id='gallery-1' class='gallery galleryid-311 gallery-columns-4 gallery-size-medium_large'><figure class='gallery-item'>\n\t\t\t<div class='gallery-icon landscape'>\n\t\t\t\t<a data-elementor-open-lightbox=\"no\" href='https:\/\/maxclean.com\/wp-content\/uploads\/2022\/03\/factory-1.jpg'><img decoding=\"async\" width=\"600\" height=\"600\" src=\"https:\/\/maxclean.com\/wp-content\/uploads\/2022\/03\/factory-1.jpg\" class=\"attachment-medium_large size-medium_large\" alt=\"\" srcset=\"https:\/\/maxclean.com\/wp-content\/uploads\/2022\/03\/factory-1.jpg 600w, https:\/\/maxclean.com\/wp-content\/uploads\/2022\/03\/factory-1-300x300.jpg 300w, https:\/\/maxclean.com\/wp-content\/uploads\/2022\/03\/factory-1-150x150.jpg 150w\" sizes=\"(max-width: 600px) 100vw, 600px\" \/><\/a>\n\t\t\t<\/div><\/figure><figure class='gallery-item'>\n\t\t\t<div class='gallery-icon landscape'>\n\t\t\t\t<a data-elementor-open-lightbox=\"no\" href='https:\/\/maxclean.com\/wp-content\/uploads\/2022\/03\/factory-2.jpg'><img decoding=\"async\" width=\"600\" height=\"600\" src=\"https:\/\/maxclean.com\/wp-content\/uploads\/2022\/03\/factory-2.jpg\" class=\"attachment-medium_large size-medium_large\" alt=\"\" srcset=\"https:\/\/maxclean.com\/wp-content\/uploads\/2022\/03\/factory-2.jpg 600w, https:\/\/maxclean.com\/wp-content\/uploads\/2022\/03\/factory-2-300x300.jpg 300w, https:\/\/maxclean.com\/wp-content\/uploads\/2022\/03\/factory-2-150x150.jpg 150w\" sizes=\"(max-width: 600px) 100vw, 600px\" \/><\/a>\n\t\t\t<\/div><\/figure><figure class='gallery-item'>\n\t\t\t<div class='gallery-icon landscape'>\n\t\t\t\t<a data-elementor-open-lightbox=\"no\" href='https:\/\/maxclean.com\/wp-content\/uploads\/2022\/03\/factory-3.jpg'><img loading=\"lazy\" decoding=\"async\" width=\"600\" height=\"600\" src=\"https:\/\/maxclean.com\/wp-content\/uploads\/2022\/03\/factory-3.jpg\" class=\"attachment-medium_large size-medium_large\" alt=\"\" srcset=\"https:\/\/maxclean.com\/wp-content\/uploads\/2022\/03\/factory-3.jpg 600w, https:\/\/maxclean.com\/wp-content\/uploads\/2022\/03\/factory-3-300x300.jpg 300w, https:\/\/maxclean.com\/wp-content\/uploads\/2022\/03\/factory-3-150x150.jpg 150w\" sizes=\"(max-width: 600px) 100vw, 600px\" \/><\/a>\n\t\t\t<\/div><\/figure><figure class='gallery-item'>\n\t\t\t<div class='gallery-icon landscape'>\n\t\t\t\t<a data-elementor-open-lightbox=\"no\" href='https:\/\/maxclean.com\/wp-content\/uploads\/2022\/03\/factory-4.jpg'><img loading=\"lazy\" decoding=\"async\" width=\"600\" height=\"600\" src=\"https:\/\/maxclean.com\/wp-content\/uploads\/2022\/03\/factory-4.jpg\" class=\"attachment-medium_large size-medium_large\" alt=\"\" srcset=\"https:\/\/maxclean.com\/wp-content\/uploads\/2022\/03\/factory-4.jpg 600w, https:\/\/maxclean.com\/wp-content\/uploads\/2022\/03\/factory-4-300x300.jpg 300w, https:\/\/maxclean.com\/wp-content\/uploads\/2022\/03\/factory-4-150x150.jpg 150w\" sizes=\"(max-width: 600px) 100vw, 600px\" \/><\/a>\n\t\t\t<\/div><\/figure>\n\t\t<\/div>\n\t\t<\/div>\n\t\t\t\t\t\t<\/div>\n\t\t\t\t<\/div>\n\t\t\t\t\t<\/div>\n\t\t<\/div>\n\t\t\t\t\t<\/div>\n\t\t<\/section>\n\t\t\t\t<section data-particle_enable=\"false\" data-particle-mobile-disabled=\"false\" class=\"elementor-section elementor-top-section elementor-element elementor-element-49af30aa elementor-section-boxed elementor-section-height-default elementor-section-height-default\" data-id=\"49af30aa\" data-element_type=\"section\" data-e-type=\"section\">\n\t\t\t\t\t\t<div class=\"elementor-container elementor-column-gap-custom\">\n\t\t\t\t\t<div class=\"elementor-column elementor-col-50 elementor-top-column elementor-element elementor-element-5304f94e\" data-id=\"5304f94e\" data-element_type=\"column\" data-e-type=\"column\">\n\t\t\t<div class=\"elementor-widget-wrap elementor-element-populated\">\n\t\t\t\t\t\t<div class=\"elementor-element elementor-element-4e4611f3 elementor-widget elementor-widget-image\" data-id=\"4e4611f3\" data-element_type=\"widget\" data-e-type=\"widget\" data-widget_type=\"image.default\">\n\t\t\t\t<div class=\"elementor-widget-container\">\n\t\t\t\t\t\t\t\t\t\t\t\t\t\t\t<img loading=\"lazy\" decoding=\"async\" width=\"666\" height=\"500\" src=\"https:\/\/maxclean.com\/wp-content\/uploads\/2022\/03\/maxclean-1.jpg\" class=\"attachment-large size-large wp-image-1051\" alt=\"\" srcset=\"https:\/\/maxclean.com\/wp-content\/uploads\/2022\/03\/maxclean-1.jpg 666w, https:\/\/maxclean.com\/wp-content\/uploads\/2022\/03\/maxclean-1-300x225.jpg 300w\" sizes=\"(max-width: 666px) 100vw, 666px\" \/>\t\t\t\t\t\t\t\t\t\t\t\t\t\t\t<\/div>\n\t\t\t\t<\/div>\n\t\t\t\t\t<\/div>\n\t\t<\/div>\n\t\t\t\t<div class=\"elementor-column elementor-col-50 elementor-top-column elementor-element elementor-element-7dd4a9cd\" data-id=\"7dd4a9cd\" data-element_type=\"column\" data-e-type=\"column\">\n\t\t\t<div class=\"elementor-widget-wrap elementor-element-populated\">\n\t\t\t\t\t\t<div class=\"elementor-element elementor-element-52cd0ab elementor-widget elementor-widget-heading\" data-id=\"52cd0ab\" data-element_type=\"widget\" data-e-type=\"widget\" data-widget_type=\"heading.default\">\n\t\t\t\t<div class=\"elementor-widget-container\">\n\t\t\t\t\t<h6 class=\"elementor-heading-title elementor-size-default\">Qualit\u00e4tsorientiert<\/h6>\t\t\t\t<\/div>\n\t\t\t\t<\/div>\n\t\t\t\t<div class=\"elementor-element elementor-element-4bf3fd97 elementor-widget elementor-widget-heading\" data-id=\"4bf3fd97\" data-element_type=\"widget\" data-e-type=\"widget\" data-widget_type=\"heading.default\">\n\t\t\t\t<div class=\"elementor-widget-container\">\n\t\t\t\t\t<h2 class=\"elementor-heading-title elementor-size-default\">Produktqualit\u00e4t ist unser zentraler Wert<\/h2>\t\t\t\t<\/div>\n\t\t\t\t<\/div>\n\t\t\t\t<div class=\"elementor-element elementor-element-7667c938 elementor-widget elementor-widget-text-editor\" data-id=\"7667c938\" data-element_type=\"widget\" data-e-type=\"widget\" data-widget_type=\"text-editor.default\">\n\t\t\t\t<div class=\"elementor-widget-container\">\n\t\t\t\t\t\t\t\t\t<p>Qualitativ hochwertige Fertigung muss nicht zwangsl\u00e4ufig h\u00f6here Kosten bedeuten \u2013 tats\u00e4chlich bedeutet sie oft niedrigere R\u00fcckruf- und Gew\u00e4hrleistungskosten, wenn sich eine Kultur der Qualit\u00e4t durchsetzt.<\/p><p>Bei Maxclean nehmen wir Qualit\u00e4tssicherung und Qualit\u00e4tskontrolle ernst. Als langj\u00e4hriger Lieferant von Verbrauchsmaterialien f\u00fcr Reinr\u00e4ume setzt Maxclean die Spezifikationen und Anforderungen des QA- und QC-Prozesses strikt um. Wir haben jahrelange Erfolgsbilanz bei der Unterst\u00fctzung von Markenunternehmen bei der Gestaltung, Entwicklung, Herstellung und Einf\u00fchrung ihrer einzigartigen Produkte auf nationalen und internationalen M\u00e4rkten. Wir sind hier, um Ihnen dabei zu helfen, hervorragende Herstellung und wertvolle Produkte zu erhalten und zu erhalten.<\/p>\t\t\t\t\t\t\t\t<\/div>\n\t\t\t\t<\/div>\n\t\t\t\t\t<\/div>\n\t\t<\/div>\n\t\t\t\t\t<\/div>\n\t\t<\/section>\n\t\t\t\t<section data-particle_enable=\"false\" data-particle-mobile-disabled=\"false\" class=\"elementor-section elementor-top-section elementor-element elementor-element-15c1059 elementor-reverse-mobile elementor-section-boxed elementor-section-height-default elementor-section-height-default\" data-id=\"15c1059\" data-element_type=\"section\" data-e-type=\"section\">\n\t\t\t\t\t\t<div class=\"elementor-container elementor-column-gap-custom\">\n\t\t\t\t\t<div class=\"elementor-column elementor-col-50 elementor-top-column elementor-element elementor-element-22e6bf6b\" data-id=\"22e6bf6b\" data-element_type=\"column\" data-e-type=\"column\">\n\t\t\t<div class=\"elementor-widget-wrap elementor-element-populated\">\n\t\t\t\t\t\t<div class=\"elementor-element elementor-element-17c7866 elementor-widget elementor-widget-heading\" data-id=\"17c7866\" data-element_type=\"widget\" data-e-type=\"widget\" data-widget_type=\"heading.default\">\n\t\t\t\t<div class=\"elementor-widget-container\">\n\t\t\t\t\t<h6 class=\"elementor-heading-title elementor-size-default\">Fortschrittliche Ausr\u00fcstung und Verwaltung<\/h6>\t\t\t\t<\/div>\n\t\t\t\t<\/div>\n\t\t\t\t<div class=\"elementor-element elementor-element-4f09464d elementor-widget elementor-widget-heading\" data-id=\"4f09464d\" data-element_type=\"widget\" data-e-type=\"widget\" data-widget_type=\"heading.default\">\n\t\t\t\t<div class=\"elementor-widget-container\">\n\t\t\t\t\t<h2 class=\"elementor-heading-title elementor-size-default\">Schlanke Produktionslinien sind f\u00fcr eine hohe Produktivit\u00e4t unerl\u00e4sslich<\/h2>\t\t\t\t<\/div>\n\t\t\t\t<\/div>\n\t\t\t\t<div class=\"elementor-element elementor-element-11c0dbba elementor-widget elementor-widget-text-editor\" data-id=\"11c0dbba\" data-element_type=\"widget\" data-e-type=\"widget\" data-widget_type=\"text-editor.default\">\n\t\t\t\t<div class=\"elementor-widget-container\">\n\t\t\t\t\t\t\t\t\t<p>Wir sind ein gro\u00dfer Lieferant mit einer Integrit\u00e4tsproduktionslinie f\u00fcr sterile\/unsterile Polyesterwischer, Mikrofaserwischer, Vlieswischer, Rollenwischer, verschiedene Arten von Gesichtsmasken, SMT-Rollenwischer, klebrige Matte (Rolle), PE-Beutel, Tupfer, Mob M\u00fctzen-, Bekleidungs- und W\u00e4scheservice.<\/p><p>Die Jahreskapazit\u00e4t der Maxclean-Fabrik reicht bis zu 400 Mio. St\u00fcck Wischt\u00fccher, 300 Mio. St\u00fcck Gesichtsmasken, 20 Mio. St\u00fcck Matten (Rolle), 300 Mio. St\u00fcck Reinraumbeutel und 500 Mio. St\u00fcck Tupfer. Hohe Qualit\u00e4t und hohe Produktivit\u00e4t sind ohne schlanke Produktionslinien nicht m\u00f6glich. Unsere Fabriken verwenden fortschrittliche Ausr\u00fcstung und modernes Management, um sicherzustellen, dass unsere Produktionseffizienz und -qualit\u00e4t der Nachfrage entsprechen. Dar\u00fcber hinaus forscht und entwickelt Maxclean aktiv an effizienteren Produktionslinien.<\/p>\t\t\t\t\t\t\t\t<\/div>\n\t\t\t\t<\/div>\n\t\t\t\t\t<\/div>\n\t\t<\/div>\n\t\t\t\t<div class=\"elementor-column elementor-col-50 elementor-top-column elementor-element elementor-element-2865ba64\" data-id=\"2865ba64\" data-element_type=\"column\" data-e-type=\"column\">\n\t\t\t<div class=\"elementor-widget-wrap elementor-element-populated\">\n\t\t\t\t\t\t<div class=\"elementor-element elementor-element-66255d4a elementor-widget elementor-widget-image\" data-id=\"66255d4a\" data-element_type=\"widget\" data-e-type=\"widget\" data-widget_type=\"image.default\">\n\t\t\t\t<div class=\"elementor-widget-container\">\n\t\t\t\t\t\t\t\t\t\t\t\t\t\t\t<img loading=\"lazy\" decoding=\"async\" width=\"666\" height=\"500\" src=\"https:\/\/maxclean.com\/wp-content\/uploads\/2022\/03\/maxclean-3.jpg\" class=\"attachment-large size-large wp-image-1049\" alt=\"\" srcset=\"https:\/\/maxclean.com\/wp-content\/uploads\/2022\/03\/maxclean-3.jpg 666w, https:\/\/maxclean.com\/wp-content\/uploads\/2022\/03\/maxclean-3-300x225.jpg 300w\" sizes=\"(max-width: 666px) 100vw, 666px\" \/>\t\t\t\t\t\t\t\t\t\t\t\t\t\t\t<\/div>\n\t\t\t\t<\/div>\n\t\t\t\t\t<\/div>\n\t\t<\/div>\n\t\t\t\t\t<\/div>\n\t\t<\/section>\n\t\t\t\t<section data-particle_enable=\"false\" data-particle-mobile-disabled=\"false\" class=\"elementor-section elementor-top-section elementor-element elementor-element-7c679814 elementor-section-boxed elementor-section-height-default elementor-section-height-default\" data-id=\"7c679814\" data-element_type=\"section\" data-e-type=\"section\">\n\t\t\t\t\t\t<div class=\"elementor-container elementor-column-gap-custom\">\n\t\t\t\t\t<div class=\"elementor-column elementor-col-50 elementor-top-column elementor-element elementor-element-135c199b\" data-id=\"135c199b\" data-element_type=\"column\" data-e-type=\"column\">\n\t\t\t<div class=\"elementor-widget-wrap elementor-element-populated\">\n\t\t\t\t\t\t<div class=\"elementor-element elementor-element-5dc30be0 elementor-widget elementor-widget-image\" data-id=\"5dc30be0\" data-element_type=\"widget\" data-e-type=\"widget\" data-widget_type=\"image.default\">\n\t\t\t\t<div class=\"elementor-widget-container\">\n\t\t\t\t\t\t\t\t\t\t\t\t\t\t\t<img loading=\"lazy\" decoding=\"async\" width=\"666\" height=\"500\" src=\"https:\/\/maxclean.com\/wp-content\/uploads\/2022\/03\/maxclean-2.jpg\" class=\"attachment-large size-large wp-image-1048\" alt=\"\" srcset=\"https:\/\/maxclean.com\/wp-content\/uploads\/2022\/03\/maxclean-2.jpg 666w, https:\/\/maxclean.com\/wp-content\/uploads\/2022\/03\/maxclean-2-300x225.jpg 300w\" sizes=\"(max-width: 666px) 100vw, 666px\" \/>\t\t\t\t\t\t\t\t\t\t\t\t\t\t\t<\/div>\n\t\t\t\t<\/div>\n\t\t\t\t\t<\/div>\n\t\t<\/div>\n\t\t\t\t<div class=\"elementor-column elementor-col-50 elementor-top-column elementor-element elementor-element-7682dbee\" data-id=\"7682dbee\" data-element_type=\"column\" data-e-type=\"column\">\n\t\t\t<div class=\"elementor-widget-wrap elementor-element-populated\">\n\t\t\t\t\t\t<div class=\"elementor-element elementor-element-6aa8d47 elementor-widget elementor-widget-heading\" data-id=\"6aa8d47\" data-element_type=\"widget\" data-e-type=\"widget\" data-widget_type=\"heading.default\">\n\t\t\t\t<div class=\"elementor-widget-container\">\n\t\t\t\t\t<h6 class=\"elementor-heading-title elementor-size-default\">Mitarbeiterzufriedenheit<\/h6>\t\t\t\t<\/div>\n\t\t\t\t<\/div>\n\t\t\t\t<div class=\"elementor-element elementor-element-57a144e elementor-widget elementor-widget-heading\" data-id=\"57a144e\" data-element_type=\"widget\" data-e-type=\"widget\" data-widget_type=\"heading.default\">\n\t\t\t\t<div class=\"elementor-widget-container\">\n\t\t\t\t\t<h2 class=\"elementor-heading-title elementor-size-default\">Mitarbeiterzufriedenheit tr\u00e4gt zur Unternehmenseffektivit\u00e4t bei<\/h2>\t\t\t\t<\/div>\n\t\t\t\t<\/div>\n\t\t\t\t<div class=\"elementor-element elementor-element-6b05a370 elementor-widget elementor-widget-text-editor\" data-id=\"6b05a370\" data-element_type=\"widget\" data-e-type=\"widget\" data-widget_type=\"text-editor.default\">\n\t\t\t\t<div class=\"elementor-widget-container\">\n\t\t\t\t\t\t\t\t\t<div class=\"wpb_text_column\"><p>Als ethischer und verantwortungsbewusster Arbeitgeber von Reinraum-Verbrauchsmaterialien haben wir viele M\u00f6glichkeiten, das Leben unserer Mitarbeiter zu verbessern. Die Bereitstellung von Besch\u00e4ftigungsm\u00f6glichkeiten ist nur der erste Schritt; unsere mitarbeiter brauchen auch ausreichend arbeitsraum und pausen, sichere und ungef\u00e4hrliche materialien und ein angenehmes arbeitsumfeld. Wir m\u00f6chten, dass unsere Mitarbeiter gerne in unseren Fabriken arbeiten und leben. Zu diesem Zweck stellt Maxclean seinen Mitarbeitern Folgendes zur Verf\u00fcgung:<\/p><ul><li>Viel Gr\u00fcn und Toiletten in der Fabrik.<\/li><li>Sichere und ungef\u00e4hrliche Produktionsmaterialien und Arbeitskleidung<\/li><li>Kontinuierliche Schulungen, um den Mitarbeitern zu helfen, ihre F\u00e4higkeiten zu verbessern.<\/li><li>Regelm\u00e4\u00dfige Mitarbeiterevents, um den Mitarbeitern ein Zusammengeh\u00f6rigkeitsgef\u00fchl zu vermitteln.<\/li><\/ul><\/div>\t\t\t\t\t\t\t\t<\/div>\n\t\t\t\t<\/div>\n\t\t\t\t\t<\/div>\n\t\t<\/div>\n\t\t\t\t\t<\/div>\n\t\t<\/section>\n\t\t\t\t<\/div>","protected":false},"excerpt":{"rendered":"<p>Our Factory Leading Qualified Cleanroom Supplies Factory As a professional manufacturer, our cleanroom consumable products factory has been established for more than 30 years. Maxclean has a complete production system of R&amp;D, material procurement, production, inspection, packaging and export.With skilled and experienced workers, strict quality control system, excellent management team and work team, and pay [&hellip;]<\/p>\n","protected":false},"author":1,"featured_media":0,"parent":0,"menu_order":0,"comment_status":"closed","ping_status":"closed","template":"","meta":{"footnotes":""},"class_list":["post-311","page","type-page","status-publish","hentry"],"blocksy_meta":{"styles_descriptor":{"styles":{"desktop":"","tablet":"","mobile":""},"google_fonts":[],"version":6}},"_links":{"self":[{"href":"https:\/\/maxclean.com\/de\/wp-json\/wp\/v2\/pages\/311","targetHints":{"allow":["GET"]}}],"collection":[{"href":"https:\/\/maxclean.com\/de\/wp-json\/wp\/v2\/pages"}],"about":[{"href":"https:\/\/maxclean.com\/de\/wp-json\/wp\/v2\/types\/page"}],"author":[{"embeddable":true,"href":"https:\/\/maxclean.com\/de\/wp-json\/wp\/v2\/users\/1"}],"replies":[{"embeddable":true,"href":"https:\/\/maxclean.com\/de\/wp-json\/wp\/v2\/comments?post=311"}],"version-history":[{"count":25,"href":"https:\/\/maxclean.com\/de\/wp-json\/wp\/v2\/pages\/311\/revisions"}],"predecessor-version":[{"id":1740,"href":"https:\/\/maxclean.com\/de\/wp-json\/wp\/v2\/pages\/311\/revisions\/1740"}],"wp:attachment":[{"href":"https:\/\/maxclean.com\/de\/wp-json\/wp\/v2\/media?parent=311"}],"curies":[{"name":"wp","href":"https:\/\/api.w.org\/{rel}","templated":true}]}}