{"id":1148,"date":"2022-03-21T17:07:36","date_gmt":"2022-03-21T09:07:36","guid":{"rendered":"https:\/\/maxclean.com\/?page_id=1148"},"modified":"2022-03-25T14:32:03","modified_gmt":"2022-03-25T06:32:03","slug":"meltblown-polypropylene","status":"publish","type":"page","link":"https:\/\/maxclean.com\/de\/cleanroom-wiper\/meltblown-polypropylene\/","title":{"rendered":"Schmelzgeblasenes Polypropylen"},"content":{"rendered":"<div data-elementor-type=\"wp-page\" data-elementor-id=\"1148\" class=\"elementor elementor-1148\" data-elementor-post-type=\"page\">\n\t\t\t\t\t\t<section data-particle_enable=\"false\" data-particle-mobile-disabled=\"false\" class=\"elementor-section elementor-top-section elementor-element elementor-element-7bfabd6 ct-section-stretched elementor-section-height-min-height elementor-section-boxed elementor-section-height-default elementor-section-items-middle\" data-id=\"7bfabd6\" data-element_type=\"section\" data-settings=\"{&quot;background_background&quot;:&quot;classic&quot;}\">\n\t\t\t\t\t\t\t<div class=\"elementor-background-overlay\"><\/div>\n\t\t\t\t\t\t\t<div class=\"elementor-container elementor-column-gap-default\">\n\t\t\t\t\t<div class=\"elementor-column elementor-col-100 elementor-top-column elementor-element elementor-element-e20c571\" data-id=\"e20c571\" data-element_type=\"column\">\n\t\t\t<div class=\"elementor-widget-wrap elementor-element-populated\">\n\t\t\t\t\t\t<div class=\"elementor-element elementor-element-9826740 elementor-widget elementor-widget-heading\" data-id=\"9826740\" data-element_type=\"widget\" data-widget_type=\"heading.default\">\n\t\t\t\t<div class=\"elementor-widget-container\">\n\t\t\t\t\t<h1 class=\"elementor-heading-title elementor-size-default\">Schmelzgeblasenes Polypropylen<\/h1>\t\t\t\t<\/div>\n\t\t\t\t<\/div>\n\t\t\t\t\t<\/div>\n\t\t<\/div>\n\t\t\t\t\t<\/div>\n\t\t<\/section>\n\t\t\t\t<section data-particle_enable=\"false\" data-particle-mobile-disabled=\"false\" class=\"elementor-section elementor-top-section elementor-element elementor-element-c7145ea elementor-section-boxed elementor-section-height-default elementor-section-height-default\" data-id=\"c7145ea\" data-element_type=\"section\">\n\t\t\t\t\t\t<div class=\"elementor-container elementor-column-gap-custom\">\n\t\t\t\t\t<div class=\"elementor-column elementor-col-50 elementor-top-column elementor-element elementor-element-896f268\" data-id=\"896f268\" data-element_type=\"column\">\n\t\t\t<div class=\"elementor-widget-wrap elementor-element-populated\">\n\t\t\t\t\t\t<div class=\"elementor-element elementor-element-86c8899 elementor-arrows-position-outside elementor-pagination-position-outside elementor-widget elementor-widget-image-carousel\" data-id=\"86c8899\" data-element_type=\"widget\" data-settings=\"{&quot;slides_to_show&quot;:&quot;1&quot;,&quot;autoplay_speed&quot;:3500,&quot;sticky_offset&quot;:100,&quot;sticky&quot;:&quot;top&quot;,&quot;sticky_on&quot;:[&quot;desktop&quot;,&quot;tablet&quot;],&quot;sticky_parent&quot;:&quot;yes&quot;,&quot;navigation&quot;:&quot;both&quot;,&quot;autoplay&quot;:&quot;yes&quot;,&quot;pause_on_hover&quot;:&quot;yes&quot;,&quot;pause_on_interaction&quot;:&quot;yes&quot;,&quot;infinite&quot;:&quot;yes&quot;,&quot;effect&quot;:&quot;slide&quot;,&quot;speed&quot;:500,&quot;sticky_effects_offset&quot;:0,&quot;sticky_anchor_link_offset&quot;:0}\" data-widget_type=\"image-carousel.default\">\n\t\t\t\t<div class=\"elementor-widget-container\">\n\t\t\t\t\t\t\t<div class=\"elementor-image-carousel-wrapper swiper\" role=\"region\" aria-roledescription=\"carousel\" aria-label=\"Carrusel de im\u00e1genes\" dir=\"ltr\" data-no-translation-aria-label=\"\">\n\t\t\t<div class=\"elementor-image-carousel swiper-wrapper\" aria-live=\"off\">\n\t\t\t\t\t\t\t\t<div class=\"swiper-slide\" role=\"group\" aria-roledescription=\"slide\" aria-label=\"1 de 1\" data-no-translation-aria-label=\"\"><figure class=\"swiper-slide-inner\"><img decoding=\"async\" class=\"swiper-slide-image\" src=\"https:\/\/maxclean.com\/wp-content\/uploads\/2022\/03\/Meltblown-Polypropylene01.jpg\" alt=\"Schmelzgeblasenes Polypropylen01\" \/><\/figure><\/div>\t\t\t<\/div>\n\t\t\t\t\t<\/div>\n\t\t\t\t\t\t<\/div>\n\t\t\t\t<\/div>\n\t\t\t\t\t<\/div>\n\t\t<\/div>\n\t\t\t\t<div class=\"elementor-column elementor-col-50 elementor-top-column elementor-element elementor-element-0e1855d\" data-id=\"0e1855d\" data-element_type=\"column\">\n\t\t\t<div class=\"elementor-widget-wrap elementor-element-populated\">\n\t\t\t\t\t\t<div class=\"elementor-element elementor-element-ca62b5c elementor-widget elementor-widget-heading\" data-id=\"ca62b5c\" data-element_type=\"widget\" data-widget_type=\"heading.default\">\n\t\t\t\t<div class=\"elementor-widget-container\">\n\t\t\t\t\t<h2 class=\"elementor-heading-title elementor-size-default\">Schmelzgeblasenes Polypropylen<\/h2>\t\t\t\t<\/div>\n\t\t\t\t<\/div>\n\t\t\t\t<div class=\"elementor-element elementor-element-e521ec4 elementor-widget elementor-widget-text-editor\" data-id=\"e521ec4\" data-element_type=\"widget\" data-widget_type=\"text-editor.default\">\n\t\t\t\t<div class=\"elementor-widget-container\">\n\t\t\t\t\t\t\t\t\t<p><strong>Wischer der Serie MAXCLEAN 33300 <\/strong><\/p><p>Die Maxclean 33300-Serie besteht aus schmelzgeblasenem Polypropylen. Seine starke Saugf\u00e4higkeit in Fl\u00fcssigkeiten und \u00d6l hat es hervorragend f\u00fcr industrielle Wischzwecke gemacht.<\/p><p><strong>Produktmerkmale <\/strong><\/p><ul><li>Bestehend aus schmelzgeblasenem Polypropylen 100%<\/li><li>Hervorragende Saugf\u00e4higkeit in L\u00f6sungsmitteln und \u00d6l<\/li><li>Kompatibel mit L\u00f6sungsmitteln<\/li><li>Partikelarm und extrahierbar.<\/li><\/ul><p><strong>Anwendungen <\/strong><\/p><ul><li>Abwischen von Maschinen und Anlagen<\/li><li>Wischen des Werkzeugs<\/li><li>Industrielle Reinigungsanwendung<\/li><li>Anwendbar in Klasse 1.000\u201310.000 Reinraumausr\u00fcstung und -einrichtungen<\/li><\/ul>\t\t\t\t\t\t\t\t<\/div>\n\t\t\t\t<\/div>\n\t\t\t\t<div class=\"elementor-element elementor-element-efc64d8 elementor-align-left elementor-tablet-align-right elementor-mobile-align-left elementor-widget__width-initial elementor-widget elementor-widget-button\" data-id=\"efc64d8\" data-element_type=\"widget\" data-widget_type=\"button.default\">\n\t\t\t\t<div class=\"elementor-widget-container\">\n\t\t\t\t\t\t\t\t\t<div class=\"elementor-button-wrapper\">\n\t\t\t\t\t<a class=\"elementor-button elementor-button-link elementor-size-md\" href=\"#elementor-action%3Aaction%3Dpopup%3Aopen%26settings%3DeyJpZCI6IjI4NCIsInRvZ2dsZSI6ZmFsc2V9\">\n\t\t\t\t\t\t<span class=\"elementor-button-content-wrapper\">\n\t\t\t\t\t\t\t\t\t<span class=\"elementor-button-text\">Kostenlose Probe erhalten<\/span>\n\t\t\t\t\t<\/span>\n\t\t\t\t\t<\/a>\n\t\t\t\t<\/div>\n\t\t\t\t\t\t\t\t<\/div>\n\t\t\t\t<\/div>\n\t\t\t\t\t<\/div>\n\t\t<\/div>\n\t\t\t\t\t<\/div>\n\t\t<\/section>\n\t\t\t\t<\/div>","protected":false},"excerpt":{"rendered":"<p>Schmelzgeblasenes Polypropylen Schmelzgeblasenes Polypropylen Wischt\u00fccher der MAXCLEAN 33300-Serie Die Maxclean 33300-Serie besteht aus schmelzgeblasenem Polypropylen. Aufgrund seiner starken Saugf\u00e4higkeit in Fl\u00fcssigkeiten und \u00d6l eignet es sich hervorragend f\u00fcr industrielle Wischzwecke. Produktmerkmale: Bestehend aus schmelzgeblasenem 100%-Polypropylen. Hervorragende Saugf\u00e4higkeit in L\u00f6sungsmitteln und \u00d6l. Kompatibel mit L\u00f6sungsmitteln. Geringer Anteil an Partikeln und extrahierbar. Anwendungsmaschine [\u2026]<\/p>","protected":false},"author":1,"featured_media":0,"parent":708,"menu_order":0,"comment_status":"closed","ping_status":"closed","template":"","meta":{"footnotes":""},"class_list":["post-1148","page","type-page","status-publish","hentry"],"blocksy_meta":{"styles_descriptor":{"styles":{"desktop":"","tablet":"","mobile":""},"google_fonts":[],"version":6}},"_links":{"self":[{"href":"https:\/\/maxclean.com\/de\/wp-json\/wp\/v2\/pages\/1148","targetHints":{"allow":["GET"]}}],"collection":[{"href":"https:\/\/maxclean.com\/de\/wp-json\/wp\/v2\/pages"}],"about":[{"href":"https:\/\/maxclean.com\/de\/wp-json\/wp\/v2\/types\/page"}],"author":[{"embeddable":true,"href":"https:\/\/maxclean.com\/de\/wp-json\/wp\/v2\/users\/1"}],"replies":[{"embeddable":true,"href":"https:\/\/maxclean.com\/de\/wp-json\/wp\/v2\/comments?post=1148"}],"version-history":[{"count":13,"href":"https:\/\/maxclean.com\/de\/wp-json\/wp\/v2\/pages\/1148\/revisions"}],"predecessor-version":[{"id":1693,"href":"https:\/\/maxclean.com\/de\/wp-json\/wp\/v2\/pages\/1148\/revisions\/1693"}],"up":[{"embeddable":true,"href":"https:\/\/maxclean.com\/de\/wp-json\/wp\/v2\/pages\/708"}],"wp:attachment":[{"href":"https:\/\/maxclean.com\/de\/wp-json\/wp\/v2\/media?parent=1148"}],"curies":[{"name":"wp","href":"https:\/\/api.w.org\/{rel}","templated":true}]}}